{"id":18,"date":"2015-04-15T19:21:50","date_gmt":"2015-04-15T17:21:50","guid":{"rendered":"http:\/\/joannajachowicz.com\/?page_id=18"},"modified":"2025-10-08T12:03:45","modified_gmt":"2025-10-08T10:03:45","slug":"kontakt","status":"publish","type":"page","link":"https:\/\/joannajachowicz.com\/pl\/kontakt\/","title":{"rendered":"Kontakt"},"content":{"rendered":"<p>[vc_row css_animation=&#8221;&#8221; row_type=&#8221;row&#8221; use_row_as_full_screen_section=&#8221;no&#8221; type=&#8221;full_width&#8221; angled_section=&#8221;no&#8221; text_align=&#8221;left&#8221; background_image_as_pattern=&#8221;without_pattern&#8221;][vc_column][vc_column_text]<\/p>\n<div class=\"bold\"><b>Kontakt:<\/b><\/div>\n<p><b>Joanna Jachowicz<\/b><br \/>\ntel. <a href=\"tel:603773238\">+48 603 773 238<\/a><br \/>\nemail: <a href=\"mailto:biuro@joannajachowicz.com\">biuro@joannajachowicz.com<\/a><\/p>\n<p><b>Dane do faktury<\/b><\/p>\n<p>Joanna Jachowicz<br \/>\nul. Freta 4\/6 m 11, 00-227 Warszawa<br \/>\nNIP: 5252489061<\/p>\n<p>Je\u015bli chcia\u0142aby\u015b um\u00f3wi\u0107 si\u0119 na konsultacj\u0119, zam\u00f3wi\u0107 projekt szyty na miar\u0119, sukni\u0119 \u015blubn\u0105 lub str\u00f3j na inn\u0105 wyj\u0105tkow\u0105 okazj\u0119 skontaktuj si\u0119 z projektantk\u0105 drog\u0105 mailow\u0105 lub telefoniczn\u0105.[\/vc_column_text][\/vc_column][\/vc_row]<\/p>\n","protected":false},"excerpt":{"rendered":"<p>[vc_row css_animation=&#8221;&#8221; row_type=&#8221;row&#8221; use_row_as_full_screen_section=&#8221;no&#8221; type=&#8221;full_width&#8221; angled_section=&#8221;no&#8221; text_align=&#8221;left&#8221; background_image_as_pattern=&#8221;without_pattern&#8221;][vc_column][vc_column_text] Kontakt: Joanna Jachowicz tel. +48 603 773 238 email: biuro@joannajachowicz.com Dane do faktury Joanna Jachowicz ul. Freta 4\/6 m 11, 00-227 Warszawa&#8230;<\/p>\n","protected":false},"author":3,"featured_media":0,"parent":0,"menu_order":0,"comment_status":"open","ping_status":"open","template":"contact-page.php","meta":{"footnotes":""},"class_list":["post-18","page","type-page","status-publish","hentry"],"_links":{"self":[{"href":"https:\/\/joannajachowicz.com\/pl\/wp-json\/wp\/v2\/pages\/18","targetHints":{"allow":["GET"]}}],"collection":[{"href":"https:\/\/joannajachowicz.com\/pl\/wp-json\/wp\/v2\/pages"}],"about":[{"href":"https:\/\/joannajachowicz.com\/pl\/wp-json\/wp\/v2\/types\/page"}],"author":[{"embeddable":true,"href":"https:\/\/joannajachowicz.com\/pl\/wp-json\/wp\/v2\/users\/3"}],"replies":[{"embeddable":true,"href":"https:\/\/joannajachowicz.com\/pl\/wp-json\/wp\/v2\/comments?post=18"}],"version-history":[{"count":32,"href":"https:\/\/joannajachowicz.com\/pl\/wp-json\/wp\/v2\/pages\/18\/revisions"}],"predecessor-version":[{"id":3046,"href":"https:\/\/joannajachowicz.com\/pl\/wp-json\/wp\/v2\/pages\/18\/revisions\/3046"}],"wp:attachment":[{"href":"https:\/\/joannajachowicz.com\/pl\/wp-json\/wp\/v2\/media?parent=18"}],"curies":[{"name":"wp","href":"https:\/\/api.w.org\/{rel}","templated":true}]}}