{"id":2098,"date":"2015-12-01T12:37:10","date_gmt":"2015-12-01T11:37:10","guid":{"rendered":"http:\/\/joannajachowicz.com\/pl\/?page_id=2098"},"modified":"2015-12-02T14:08:54","modified_gmt":"2015-12-02T13:08:54","slug":"regulamin-sklepu","status":"publish","type":"page","link":"https:\/\/joannajachowicz.com\/pl\/regulamin-sklepu\/","title":{"rendered":"Regulamin sklepu"},"content":{"rendered":"<p><b>I. Definicje<\/b><\/p>\n<p>Poj\u0119cia u\u017cyte w niniejszym regulaminie maj\u0105 znaczenie przypisane im poni\u017cej:<\/p>\n<ol>\n<li>k.c. \u2013 ustawa z dnia 23 kwietnia 1964 roku \u2013 Kodeks cywilny (Dz. U. ;<\/li>\n<li>Klient \u2013 osoba fizyczna, w tym Konsument, kt\u00f3ra posiada\u00a0 zdolno\u015b\u0107 do czynno\u015bci prawnych i\/lub uko\u0144czy\u0142a co najmniej 13 rok \u017cycia, przy czym w przypadku nieuko\u0144czenia przez t\u0119 osob\u0119 18 roku \u017cycia, wymagana jest zgoda jej przedstawiciela ustawowego lub opiekuna prawnego, a tak\u017ce i) osoba prawna oraz jednostka organizacyjna nie b\u0119d\u0105ca osob\u0105 prawn\u0105, kt\u00f3rej przepisy szczeg\u00f3lne przyznaj\u0105 zdolno\u015b\u0107 prawn\u0105 &#8211; kt\u00f3ra korzysta lub zamierza korzysta\u0107 ze strony internetowej Sklepu,<\/li>\n<li>Konsument \u2013 Klient, o kt\u00f3rym mowa w punkcie 2 i) powy\u017cej, dokonuj\u0105cy z przedsi\u0119biorc\u0105 \u2013 Sprzedawc\u0105, czynno\u015bci prawnej niezwi\u0105zanej bezpo\u015brednio z jego dzia\u0142alno\u015bci\u0105 gospodarcz\u0105 lub zawodow\u0105.<\/li>\n<li>Regulamin \u2013 niniejszy regulamin;<\/li>\n<li>Sklep \u2013 sklep internetowy prowadzony przez Sprzedawc\u0119 pod adresem\u00a0 internetowym <a href=\"http:\/\/www.joannajachowicz.com\">www.joannajachowicz.com<\/a>;<\/li>\n<li>Sprzedawca &#8211; Joanna Jachowicz \u2013 przedsi\u0119biorca prowadz\u0105cy dzia\u0142alno\u015b\u0107 gospodarcz\u0105 pod adresem: ul. Freta 4\/6 m 11, 00-227 Warszawa, pod numerem NIP: 5252489061, REGON: 146611609<\/li>\n<li>Strona \u2013 Klient i Sklep, o ile Regulamin nie stanowi inaczej<\/li>\n<li>Towar \u2013 rzecz ruchoma b\u0119d\u0105ca przedmiotem sprzeda\u017cy w ramach oferty Sklepu;<\/li>\n<li>Umowa sprzeda\u017cy \u2013 umowa zawierana przez Klienta z firm\u0105 Joanna Jachowicz, do kt\u00f3rej stosuje si\u0119 Ustaw\u0119.<\/li>\n<li>Ustawa \u2013 Ustawa z dnia 30 maja 2014 r. o prawach konsumenta (Dz. U. 2014 poz. 827)<\/li>\n<li>Zam\u00f3wienie \u2013 o\u015bwiadczenie woli Klienta, zmierzaj\u0105ce bezpo\u015brednio do zawarcia Umowy sprzeda\u017cy na odleg\u0142o\u015b\u0107 za po\u015brednictwem Sklepu okre\u015blaj\u0105ce liczb\u0119 i rodzaj Towaru oraz inne tre\u015bci przewidziane prawem.<\/li>\n<\/ol>\n<p>&nbsp;<\/p>\n<p><b>II. Postanowienia og\u00f3lne<\/b><\/p>\n<ol>\n<li>Niniejszy Regulamin okre\u015bla zasady korzystania ze Sklepu przez Klient\u00f3w, w szczeg\u00f3lno\u015bci zasady sk\u0142adania zam\u00f3wie\u0144 oraz zasady zawierania Um\u00f3w sprzeda\u017cy.<\/li>\n<li>Sklep umo\u017cliwia nabywanie Towar\u00f3w za po\u015brednictwem strony internetowej <a href=\"http:\/\/www.joannajachowicz.comoraz\">www.joannajachowicz.com<\/a> oraz informuje Klient\u00f3w o Towarach b\u0119d\u0105cych w ofercie Sprzedawcy.<\/li>\n<li>Informacje o Towarach oferowanych przez Sklep, w tym m.in. opisy, w\u0142a\u015bciwo\u015bci u\u017cytkowe, itp. oraz podane ceny, stanowi\u0105 zaproszenie do z\u0142o\u017cenia oferty zawarcia Umowy sprzeda\u017cy w rozumieniu art. 71 k.c., zgodnie z warunkami Regulaminu.<\/li>\n<li>Towary w Sklepie s\u0105 szczeg\u00f3\u0142owo oznaczone. Klient ma dost\u0119p do informacji na temat w\u0142a\u015bciwo\u015bci Towar\u00f3w, ich cen, materia\u0142\u00f3w, z kt\u00f3rych s\u0105 wykonane itp. Zdj\u0119cia oferowanych Towar\u00f3w s\u0105 przyk\u0142adowe i s\u0142u\u017c\u0105 prezentacji konkretnie wskazanych modeli. W zwi\u0105zku z tym, i\u017c produkty oferowane przez Sklep wykonywane s\u0105 r\u0119cznie, ich wygl\u0105d w rzeczywisto\u015bci mo\u017ce r\u00f3\u017cni\u0107 si\u0119 minimalnie od zdj\u0119\u0107 prezentowanych na stronie Sklepu.<\/li>\n<li>Postanowienia regulaminu nie naruszaj\u0105 praw przys\u0142uguj\u0105cych Klientom na podstawie og\u00f3lnie obowi\u0105zuj\u0105cych przepis\u00f3w prawa, w szczeg\u00f3lno\u015bci Ustawy i k.c.<\/li>\n<\/ol>\n<p>&nbsp;<\/p>\n<p><b>III. Zakres, warunki i zasady korzystania ze Sklepu<\/b><\/p>\n<ol>\n<li>Sklep umo\u017cliwia nabywanie oferowanych w nim Towar\u00f3w przy pomocy sieci elektronicznej (Internet) zgodnie z tre\u015bci\u0105 niniejszego Regulaminu.<\/li>\n<li>Niedozwolone jest przekazywanie przez Klienta Sklepu tre\u015bci zabronionych przez przepisy prawa, korzystanie przez niego ze Sklepu w spos\u00f3b niezak\u0142\u00f3caj\u0105cy jego funkcjonowanie, rozsy\u0142anie i umieszczanie w ramach Sklepu niezam\u00f3wionej informacji handlowej, korzystanie ze Sklepu w spos\u00f3b uci\u0105\u017cliwy dla innych Klient\u00f3w oraz dla administratora Sklepu,<\/li>\n<li>Klient zobowi\u0105zuje si\u0119 do korzystania z tre\u015bci zamieszczonych na stronie Sklepu do u\u017cytku w\u0142asnego, korzystania ze strony Sklepu w spos\u00f3b zgodny z przepisami obowi\u0105zuj\u0105cymi na terytorium Rzeczypospolitej Polskiej, postanowieniami Regulaminu, a tak\u017ce og\u00f3lnymi zasadami korzystania z sieci Internet.<\/li>\n<li>Wszystkie ceny Towar\u00f3w podane na stronie Sklepu s\u0105 cenami brutto i podawane s\u0105 w walucie z\u0142oty polski.<\/li>\n<li>Joanna Jachowicz zastrzega sobie prawo zmiany cen Towar\u00f3w znajduj\u0105cych si\u0119 w sklepie JoannaJachowicz.com, wprowadzania nowych Towar\u00f3w do sprzeda\u017cy, przeprowadzania i odwo\u0142ywania akcji promocyjnych na stronach sklepu JoannaJachowicz.com b\u0105d\u017a wprowadzania w nich zmian zgodnie z normami Kodeksu cywilnego oraz innych ustaw, przy czym zmiany te nie b\u0119d\u0105 narusza\u0107 praw os\u00f3b, kt\u00f3re zawar\u0142y umowy sprzeda\u017cy Towar\u00f3w oferowanych w sklepie JoannaJachowicz.com przed dokonaniem ww. zmian.<\/li>\n<\/ol>\n<p>&nbsp;<\/p>\n<p><b>IV. Zawarcie Umowy sprzeda\u017cy Towaru<\/b><\/p>\n<ol>\n<li>Klienci mog\u0105 sk\u0142ada\u0107 zam\u00f3wienia przez ca\u0142\u0105 dob\u0119, we wszystkie dni tygodnia. Zam\u00f3wienia z\u0142o\u017cone w dni wolne od pracy b\u0119d\u0105 realizowane w pierwszym dniu roboczym nast\u0119puj\u0105cym po dniu, w kt\u00f3rym Zam\u00f3wienie zosta\u0142o z\u0142o\u017cone. Warunkiem przyst\u0105pienia do realizacji Zam\u00f3wienia jest dokonanie p\u0142atno\u015bci oraz podanie wszystkich niezb\u0119dnych danych do wysy\u0142ki. Warunkiem z\u0142o\u017cenia Zam\u00f3wienia jest akceptacja niniejszego Regulaminu.<\/li>\n<li>W celu zawarcia Umowy sprzeda\u017cy Towaru na odleg\u0142o\u015b\u0107 w Sklepie nale\u017cy wybra\u0107 Towar dost\u0119pny w ofercie Sklepu na jego stronie internetowej poprzez dodanie go do \u201eKoszyka\u201d i z\u0142o\u017cy\u0107 Zam\u00f3wienie ze wskazaniem miejsca dostawy, podejmuj\u0105c kolejne czynno\u015bci techniczne w oparciu o informacje wy\u015bwietlane na stronie internetowej Sklepu.<\/li>\n<li>Do momentu zatwierdzenia wyboru i zakupu Towaru przyciskiem \u201eKupuj\u0119 i p\u0142ac\u0119\u201d (lub \u201eKontynuuj zakupy\u201d po wyborze p\u0142atno\u015bci) Klient ma mo\u017cliwo\u015b\u0107 dokonywania zmian i modyfikacji Towar\u00f3w w zam\u00f3wieniu, jak i danych teleadresowych do dostawy Towar\u00f3w.<\/li>\n<li>Wys\u0142anie zam\u00f3wienia przez Klienta (zatwierdzenie przyciskiem \u201eKupuj\u0119 i p\u0142ac\u0119\u201d (lub \u201eKontynuuj zakupy\u201d po wyborze p\u0142atno\u015bci) stanowi ofert\u0119 Klienta z\u0142o\u017con\u0105 Sprzedawcy w celu zawarcia Umowy sprzeda\u017cy, zgodnie z tre\u015bci\u0105 Regulaminu.<\/li>\n<li>Po z\u0142o\u017ceniu przez Klienta zam\u00f3wienia otrzyma on na stronie Sklepu oraz na podany w zam\u00f3wieniu adres poczty elektronicznej komunikat zawieraj\u0105cy informacje dotycz\u0105ce pozycji w zam\u00f3wieniu, ilo\u015bci Towar\u00f3w, warto\u015bci zam\u00f3wienia, wybranego rodzaju dostawy i p\u0142atno\u015bci, czasu realizacji zam\u00f3wienia oraz danych teleadresowych Klienta. Komunikat stanowi potwierdzenie otrzymania przez Sklep oferty nabycia Towar\u00f3w przez Klienta. Po otrzymaniu ww. potwierdzenia dochodzi do zawarcia Umowy sprzeda\u017cy zam\u00f3wionych przez Klienta Towar\u00f3w. Umowa sprzeda\u017cy zawierana jest w tre\u015bci zgodnej z niniejszym Regulaminem pomi\u0119dzy Sprzedawc\u0105, a Klientem.<\/li>\n<li>Cena wi\u0105\u017ce Strony od momentu otrzymania przez Klienta potwierdzenia przyj\u0119cia zam\u00f3wienia do realizacji.<\/li>\n<li>Z zastrze\u017ceniem ust. 2 poni\u017cej, termin realizacji zam\u00f3wienia w Sklepie, wskazany w potwierdzeniu przyj\u0119cia Zam\u00f3wienia do realizacji to najbardziej prawdopodobny czas, w trakcie kt\u00f3rego Zam\u00f3wienie zostanie zrealizowane.<\/li>\n<li>W wyj\u0105tkowych sytuacjach czas realizacji zam\u00f3wienia jest potwierdzany przez pracownika Sklepu za po\u015brednictwem poczty elektronicznej. Ca\u0142kowity i maksymalny termin realizacji Zam\u00f3wienia nie powinien przekroczy\u0107 6 dni roboczych.<\/li>\n<li>Sprzedawca zastrzega sobie prawo do odmowy realizacji Zam\u00f3wienia w ramach Umowy sprzeda\u017cy w przypadku, gdy dane teleadresowe Klienta s\u0105 niezgodne z prawd\u0105, transakcja nie zosta\u0142a zautoryzowana w systemie p\u0142atno\u015bci elektronicznych Przelewy 24 lub p\u0142atno\u015b\u0107 za zam\u00f3wienie nie zosta\u0142a uiszczona w okre\u015blonym czasie.<\/li>\n<\/ol>\n<p>&nbsp;<\/p>\n<p><b>IV. Spos\u00f3b p\u0142atno\u015bci<\/b><\/p>\n<ol>\n<li>W celu zap\u0142aty za Zam\u00f3wienie Klient mo\u017ce skorzysta\u0107<b> <\/b>z jednej z dw\u00f3ch form przedp\u0142aty internetowej: tj. za pomoc\u0105 serwisu Przelewy24 lub zwyk\u0142ym przelewem internetowym. Rozpocz\u0119cie realizacji zam\u00f3wienia nast\u0119puje po zaksi\u0119gowaniu wp\u0142aty na rachunku Sprzedawcy. W przypadku karty p\u0142atniczej rozpocz\u0119cie realizacji zam\u00f3wienia nast\u0105pi po pozytywnej autoryzacji karty.<\/li>\n<li>Koszty transportu i ewentualne koszty dodatkowe zostan\u0105 wyra\u017anie wskazane w toku sk\u0142adania Zam\u00f3wienia.<\/li>\n<li>Brak otrzymania p\u0142atno\u015bci na rachunek Sprzedawcy lub podmiot\u00f3w po\u015brednicz\u0105cych w transakcji (Przelewy24) w terminie 5 dni od z\u0142o\u017cenia Zam\u00f3wienia, spowoduje anulacj\u0119 Zam\u00f3wienia. W takiej sytuacji Klient mo\u017ce powt\u00f3rnie z\u0142o\u017cy\u0107 zam\u00f3wienie.<\/li>\n<\/ol>\n<p>&nbsp;<\/p>\n<p><b>IV. Dostawa i odbi\u00f3r<\/b><\/p>\n<ol>\n<li>Zam\u00f3wione i op\u0142acone Towary zostan\u0105 dostarczone przez Sprzedawc\u0119 na wskazany przez Klienta adres, na terenie Polski lub do wskazanego przez Klienta Punktu Odbioru.<\/li>\n<li>Przewidywany czas dostawy na terenie Rzeczypospolitej Polskiej to 1 do 3 dni roboczych od dnia nadania przesy\u0142ki.<\/li>\n<li>Podczas odbioru przesy\u0142ki dostarczonej przez kuriera, Klient powinien w jego obecno\u015bci dok\u0142adnie sprawdzi\u0107 zawarto\u015b\u0107 przesy\u0142ki, stan opakowania zewn\u0119trznego oraz stan zam\u00f3wionego Towaru. W przypadku uszkodzenia przesy\u0142ki Klient powinien sporz\u0105dzi\u0107 wraz z kurierem protok\u00f3\u0142 szkody, w dw\u00f3ch jednobrzmi\u0105cych egzemplarzach podpisanych przez Klienta i kuriera.<\/li>\n<\/ol>\n<p>&nbsp;<\/p>\n<p><b>VI. R\u0119kojmia i Gwarancja<\/b><\/p>\n<ol>\n<li>Wszystkie Towary oferowane w sklepie JoannaJachowicz.com s\u0105 nowe i wykonywane r\u0119cznie i bez wad.<\/li>\n<li>Sprzedawca odpowiada wobec Konsumenta z tytu\u0142u r\u0119kojmi je\u017celi sprzedany Towar ma wad\u0119 fizyczna lub prawn\u0105 zgodnie z art. 556 i nast\u0119pne k.c. oraz z tytu\u0142u gwarancji zgodnie a art. 577 i nast. k.c.<\/li>\n<li>Wszystkie Towary nabyte za po\u015brednictwem Sklepu mog\u0105 zosta\u0107 przez Konsumenta zareklamowane drog\u0105 pocztow\u0105 poprzez odes\u0142anie Towaru wraz z formularzem stanowi\u0105cym Za\u0142\u0105cznik do niniejszego Regulaminu, na adres: Joanna Jachowicz, ul.Freta 4\/6 m 11, 00-227 Warszawa.<\/li>\n<li>Klient otrzyma informacj\u0119 o sposobie rozpatrzenia reklamacji w terminie 14 dni od dnia otrzymania przez Sprzedawc\u0119 reklamowanego Towaru.<\/li>\n<li>W przypadku pozytywnego rozpatrzenia reklamacji Sprzedawca wy\u015ble do Konsumenta produkt pe\u0142nowarto\u015bciowy (naprawiony lub nowy) w ci\u0105gu 14 dni, a gdy oka\u017ce si\u0119 to niemo\u017cliwe, Sprzedawca zwr\u00f3ci Konsumentowi pe\u0142n\u0105 kwot\u0119 zap\u0142aconej ceny Towaru.<\/li>\n<li>W przypadku nieuwzgl\u0119dnienia reklamacji, Towar zostanie odes\u0142any do Konsumenta wraz z opini\u0105 o niezasadno\u015bci reklamacji.<\/li>\n<li>W razie stwierdzenia przez Klienta uszkodzenia Towaru podczas transportu, Klient zobowi\u0105zany jest sporz\u0105dzi\u0107 w obecno\u015bci kuriera protok\u00f3\u0142 szkody. Reklamacje wynikaj\u0105ce z tytu\u0142u uszkodzenia Towaru podczas transportu b\u0119d\u0105 rozpatrywane na podstawie protoko\u0142u szkody sporz\u0105dzonego przez Konsumenta i kuriera.<\/li>\n<li>W razie stwierdzenia uszkodze\u0144 wynikaj\u0105cych z winy Konsumenta lub na skutek zdarze\u0144 losowych w trakcie u\u017cytkowania, w szczeg\u00f3lno\u015bci zniszcze\u0144 mechanicznych, Konsument mo\u017ce skontaktowa\u0107 si\u0119 ze Sprzedawc\u0105 w celu ustalenia mo\u017cliwo\u015bci i kosztu naprawy Towaru przez Sprzedawc\u0119.<\/li>\n<li>Sprzedawca ma prawo odm\u00f3wi\u0107 przyj\u0119cia Towaru w ramach reklamacji w przypadkach gdy reklamowany Towar jest uszkodzony, reklamacja nastapi\u0142a po up\u0142ywie dopuszczalnego terminu lub w przypadku dostarczenia Towaru niepe\u0142nowarto\u015bciowego, tj. niekompletnego.<\/li>\n<\/ol>\n<p>&nbsp;<\/p>\n<p><b>VII. Uprawnienie do odst\u0105pienia od Umowy<\/b><\/p>\n<ol>\n<li>Konsument, kt\u00f3ry zawar\u0142 Umow\u0119 Sprzeda\u017c w Sklepie ma prawo odst\u0105pi\u0107 od Umowy sprzeda\u017cy bez podania przyczyny w ci\u0105gu 14 dni od daty otrzymania Towaru i bez ponoszenia dodatkowych koszt\u00f3w, z wyj\u0105tkiem koszt\u00f3w o kt\u00f3rych mowa poni\u017cej.<\/li>\n<li>Uprawnienie do odst\u0105pienia od Umowy sprzeda\u017cy mo\u017ce zosta\u0107 zrealizowane przez Konsumenta poprzez przes\u0142anie o\u015bwiadczenia o odst\u0105pieniu na adres Joanna Jachowicz, ul.Freta 4\/6 m 11, 00-227 Warszawa. O\u015bwiadczenie mo\u017cna r\u00f3wnie\u017c z\u0142o\u017cy\u0107 na formularzy, kt\u00f3rego wz\u00f3r stanowi Za\u0142\u0105cznik do niniejszego Regulaminu. Do zachowania terminu wystarczy wys\u0142anie o\u015bwiadczenia przed jego up\u0142ywem.<\/li>\n<li>Bieg terminu do odst\u0105pienia od Umowy sprzeda\u017cy rozpoczyna si\u0119 od obj\u0119cia Towaru w posiadanie przez Konsumenta lub wskazan\u0105 przez niego osob\u0119 trzeci\u0105 inn\u0105 ni\u017c przewo\u017anik, a w przypadku gdy Umowa sprzeda\u017cy obejmuje wiele Towar\u00f3w, kt\u00f3re s\u0105 dostarczane osobno, partiami lub w cz\u0119\u015bciach \u2013 od obj\u0119cia w posiadanie ostatniego Towaru, partii lub cz\u0119\u015bci.<\/li>\n<li>Konsument ma obowi\u0105zek zwr\u00f3ci\u0107 nabyty Towar (nieu\u017cywany, czysty, w oryginalnym opakowaniu wraz z metk\u0105) na adres Joanna Jachowicz, ul.Freta 4\/6 m 11, 00-227 Warszawa niezw\u0142ocznie, jednak nie p\u00f3\u017aniej ni\u017c 14 dni od dnia, w kt\u00f3rym Konsument odst\u0105pi\u0142 od Umowy Sprzeda\u017cy. Do zachowania terminu wystarczy odes\u0142anie Towaru przed jego up\u0142ywem.<\/li>\n<li>Konsument ponosi odpowiedzialno\u015b\u0107 za zmniejszenie warto\u015bci Towaru b\u0119d\u0105ce wynikiem korzystania z niego w spos\u00f3b wykraczaj\u0105cy poza konieczny do stwierdzenia charakteru, cech i funkcjonowania Towaru, chyba \u017ce Sprzedawca nie poinformowa\u0142 Konsumenta o prawie odst\u0105pienia od Umowy sprzeda\u017cy zgodnie z Ustaw\u0105.<\/li>\n<li>Konsument ponosi tylko bezpo\u015brednie koszty zwrotu Towaru, chyba \u017ce Sprzedawca zgodzi\u0142 si\u0119 je ponie\u015b\u0107 lub nie poinformowa\u0142 Konsumenta o konieczno\u015bci poniesienia tych koszt\u00f3w. Je\u017celi Konsument wybra\u0142 spos\u00f3b dostarczenia Towaru inny ni\u017c najta\u0144szy zwyk\u0142y spos\u00f3b dostarczenia oferowany przez Sprzedawc\u0119, Sprzedawca nie jest zobowi\u0105zany do zwrotu Konsumentowi poniesionych przez niego dodatkowych koszt\u00f3w.<\/li>\n<li>W przypadku odst\u0105pienia od Umowy sprzeda\u017cy uwa\u017ca si\u0119 j\u0105 za niezawart\u0105.<\/li>\n<li>Sprzedawca zwr\u00f3ci niezw\u0142ocznie, nie p\u00f3\u017aniej ni\u017c w terminie 14 dni od dnia otrzymania o\u015bwiadczenia Konsumenta o odst\u0105pieniu od Umowy sprzeda\u017cy wszelkie dokonane przez Konsumenta p\u0142atno\u015bci , w tym koszty dostarczenia Towaru, z zastrze\u017ceniem ust. 6 powy\u017cej. Zwrot p\u0142atno\u015bci nast\u0105pi na podany przez Konsumenta. Je\u017celi p\u0142atno\u015b\u0107 nast\u0105pi\u0142a przy u\u017cyciu karty p\u0142atniczej, zwrot zostanie wykonany na t\u0119 sam\u0105 kart\u0119. Sprzedawca mo\u017ce wstrzyma\u0107 si\u0119 ze zwrotem p\u0142atno\u015bci otrzymanych od Konsumenta do chwili otrzymania Towaru z powrotem.<\/li>\n<\/ol>\n<p>&nbsp;<\/p>\n<p><b>VIII. Pozosta\u0142e prawa i obowiazki<\/b><\/p>\n<ol>\n<li>Administratorem i wy\u0142\u0105cznym w\u0142a\u015bcicielem Sklepu jest Sprzedawca.<\/li>\n<li>Dane osobowe Klient\u00f3w podawane podczas rejestracji w sklepie JoannaJachowicz.com s\u0105 przetwarzane przez Joanna Jachowicz wy\u0142\u0105cznie w celu realizacji zam\u00f3wie\u0144 oraz za zgod\u0105 wyra\u017caon\u0105 przez Klienta mog\u0105 by\u0107 przetwarzane w celach marketingowych. Klientowi przys\u0142uguje w ka\u017cdym czasie prawo do uzupe\u0142niania, uaktualniania, sprostowania danych osobowych, czasowego lub sta\u0142ego wstrzymania ich przetwarzania lub ich usuni\u0119cia, je\u017celi s\u0105 one niekompletne, nieaktualne, nieprawdziwe lub zosta\u0142y zebrane z naruszeniem przepis\u00f3w prawa, albo s\u0105 ju\u017c zb\u0119dne do realizacji celu, dla kt\u00f3rego zosta\u0142y zebrane oraz prawo wniesienia sprzeciwu w zakresie przetwarzania danych osobowych dla cel\u00f3w marketingowych.<\/li>\n<li>Klient, sk\u0142adaj\u0105c zam\u00f3wienie, zgadza si\u0119 na korzystanie ze sklepu JoannaJachowicz.com zgodnie z postanowieniami niniejszego Regulaminu, w brzmieniu z dnia z\u0142o\u017cenia zam\u00f3wienia. Brak akceptacji postanowie\u0144 niniejszego Regulaminu uniemo\u017cliwia nabycie oferowanych przez Sklep Towar\u00f3w.<\/li>\n<li>Wszelkie zdj\u0119cia, publikacje i teksty dost\u0119pne na stronie Sklepu s\u0105 chronione ustaw\u0105 z dnia 4 lutego 1994r. o prawie autorskim i prawach pokrewnych (Dz.U. 1994 Nr 24 poz. 83). Ochronie prawem autorskim podlegaj\u0105 tak\u017ce grafiki i logotypy stanowi\u0105ce w\u0142asno\u015b\u0107 Administratora lub jego dostawc\u00f3w. Zakazane jest bezprawne kopiowane, zwielokrotnianie b\u0105d\u017a rozpowszechnianie wszelkich tre\u015bci zamieszczonych na stronie Sklepu.<\/li>\n<\/ol>\n<p>&nbsp;<\/p>\n<p><b>IX. Spory<\/b><\/p>\n<p>Wszelkie spory powsta\u0142e pomi\u0119dzy Stronami podlega\u0142y b\u0119d\u0105 s\u0105dom w\u0142a\u015bciwym zgodnie z obowi\u0105zuj\u0105cymi przepisami polskiego prawa.<\/p>\n<p>&nbsp;<\/p>\n<p><b>X. Postanowienia ko\u0144cowe<\/b><\/p>\n<ol>\n<li>W sprawach nieuregulowanych w niniejszym Regulaminie stosuje si\u0119 przepisy k.c. i Ustawy oraz inne w\u0142a\u015bciwe przepisy polskiego prawa.<\/li>\n<li>Us\u0142ugodawca uprawniony jest do jednostronnej zmiany Regulaminu w ka\u017cdym czasie, w szczeg\u00f3lno\u015bci w przypadku zaistnienia: i) zmian organizacyjnych lub prawnych Sprzedawcy, ii) zmiany obowi\u0105zuj\u0105cych przepis\u00f3w prawa maj\u0105cych zastosowanie do Sklepu, iii) zmiany funkcjonalno\u015bci Sklepu, z zastrze\u017ceniem \u017ce zmiany Regulaminu maj\u0105 na celu dostosowanie tre\u015bci Regulaminu do jego funkcjonalno\u015bci. Zmiany Regulaminu obowi\u0105zuj\u0105 od momentu ich opublikowania na stronie Sklepu. Zmiana Regulaminu w zakresie, w jakim odnosi si\u0119 do Um\u00f3w sprzeda\u017cy zawartych przed zmian\u0105 Regulaminu oraz do zakupu Towar\u00f3w, kt\u00f3re zosta\u0142y z\u0142o\u017cone przed zmian\u0105 Regulaminu nie zmienia ich tre\u015bci i warunk\u00f3w.<\/li>\n<li>Sprzedawca zastrzega sobie prawo do dokonywania zmian cen oraz ilo\u015bci Towar\u00f3w w ofercie sklepu w ci\u0105gu dnia, wycofywania lub wprowadzania poszczeg\u00f3lnych Towar\u00f3w do oferty Sklepu, przeprowadzania i wycofywania akcji promocyjnych na stronie Sklepu, jak r\u00f3wnie\u017c ich modyfikacji.<\/li>\n<li>Sprzedawca podejmuje dzia\u0142ania w celu zapewnienia w pe\u0142ni poprawnego funkcjonowania strony internetowej Sklepu, w takim zakresie, jaki wynika z aktualnej wiedzy technicznej i zobowi\u0105zuje si\u0119 usun\u0105\u0107 niezw\u0142ocznie wszelkie nieprawid\u0142owo\u015bci zg\u0142oszone przez Klient\u00f3w. W\u0142a\u015bciciel Sklepu nie odpowiada za zak\u0142\u00f3cenia w dzia\u0142alno\u015bci strony internetowej Sklepu spowodowane awari\u0105 sieci Internet. Wszelkie niedogodno\u015bci lub przerwy w funkcjonowaniu sklepu powinny by\u0107 sygnalizowane mailowo, telefonicznie.<\/li>\n<li>Aktualna tre\u015b\u0107 Regulaminu jest publikowana na stronie internetowej Sklepu oraz mo\u017ce by\u0107 przekazana ka\u017cdemu Klientowi na jego \u017c\u0105danie drog\u0105 elektroniczn\u0105 (na wskazany w \u017c\u0105daniu adres e-mail) bez dodatkowych op\u0142at. Klient mo\u017ce te\u017c w ka\u017cdym czasie sporz\u0105dzi\u0107 wydruk Regulaminu.<\/li>\n<li>Regulamin wchodzi w \u017cycie 1 grudnia 2015 r.<\/li>\n<\/ol>\n<p>&nbsp;<\/p>\n","protected":false},"excerpt":{"rendered":"<p>I. Definicje Poj\u0119cia u\u017cyte w niniejszym regulaminie maj\u0105 znaczenie przypisane im poni\u017cej: k.c. \u2013 ustawa z dnia 23 kwietnia 1964 roku \u2013 Kodeks cywilny (Dz. U. ; Klient \u2013 osoba&#8230;<\/p>\n","protected":false},"author":1,"featured_media":0,"parent":0,"menu_order":0,"comment_status":"closed","ping_status":"closed","template":"","meta":{"footnotes":""},"class_list":["post-2098","page","type-page","status-publish","hentry"],"_links":{"self":[{"href":"https:\/\/joannajachowicz.com\/pl\/wp-json\/wp\/v2\/pages\/2098","targetHints":{"allow":["GET"]}}],"collection":[{"href":"https:\/\/joannajachowicz.com\/pl\/wp-json\/wp\/v2\/pages"}],"about":[{"href":"https:\/\/joannajachowicz.com\/pl\/wp-json\/wp\/v2\/types\/page"}],"author":[{"embeddable":true,"href":"https:\/\/joannajachowicz.com\/pl\/wp-json\/wp\/v2\/users\/1"}],"replies":[{"embeddable":true,"href":"https:\/\/joannajachowicz.com\/pl\/wp-json\/wp\/v2\/comments?post=2098"}],"version-history":[{"count":4,"href":"https:\/\/joannajachowicz.com\/pl\/wp-json\/wp\/v2\/pages\/2098\/revisions"}],"predecessor-version":[{"id":2145,"href":"https:\/\/joannajachowicz.com\/pl\/wp-json\/wp\/v2\/pages\/2098\/revisions\/2145"}],"wp:attachment":[{"href":"https:\/\/joannajachowicz.com\/pl\/wp-json\/wp\/v2\/media?parent=2098"}],"curies":[{"name":"wp","href":"https:\/\/api.w.org\/{rel}","templated":true}]}}