{"id":2101,"date":"2015-12-01T12:38:54","date_gmt":"2015-12-01T11:38:54","guid":{"rendered":"http:\/\/joannajachowicz.com\/pl\/?page_id=2101"},"modified":"2015-12-02T14:03:23","modified_gmt":"2015-12-02T13:03:23","slug":"zwroty","status":"publish","type":"page","link":"https:\/\/joannajachowicz.com\/pl\/zwroty\/","title":{"rendered":"Zwroty i reklamacje"},"content":{"rendered":"<p><b><\/b>Wszystkie Towary zakupione w sklepie internetowym JoannaJachowicz.com mog\u0105 podlega\u0107 zwrotowi lub wymianie. Podstaw\u0105 do uznania zwrotu lub reklamacji jest rachunek oraz metka. Towary nie mog\u0105 mie\u0107 \u015blad\u00f3w u\u017cytkowania. W przypadku reklamacji konieczne jest opisanie charakteru wady oraz wskazanie preferowanego sposobu rekompensaty (zwrot pieni\u0119dzy lub wymiana na nowy towar). Na rozpatrzenie reklamacji sklep JoannaJachowicz.com ma 14 dni roboczych.<\/p>\n<p>Zwroty i reklamacje prosimy wysy\u0142a\u0107 na adres: Joanna Jachowicz ul. Freta 4\/6 m 11 00-227 Warszawa. Ka\u017cda paczka musi mie\u0107 do\u0142\u0105czone pismo \u015bwiadcz\u0105ce o odst\u0105pieniu od umowy. Konieczne jest podanie imienia i nazwiska zamawiaj\u0105cego, numeru zam\u00f3wienia, przyczyny zwrotu oraz danych do przelewu nale\u017cno\u015bci za zwr\u00f3cony towar.<\/p>\n<p>Szczeg\u00f3\u0142owe postanowienia dotycz\u0105ce zwrot\u00f3w i reklamacji zawarte s\u0105 w regulaminie zamieszczonym w odpowiednim odno\u015bniku na stronie www.joannajachowicz.com<\/p>\n","protected":false},"excerpt":{"rendered":"<p>Wszystkie Towary zakupione w sklepie internetowym JoannaJachowicz.com mog\u0105 podlega\u0107 zwrotowi lub wymianie. Podstaw\u0105 do uznania zwrotu lub reklamacji jest rachunek oraz metka. Towary nie mog\u0105 mie\u0107 \u015blad\u00f3w u\u017cytkowania. W przypadku&#8230;<\/p>\n","protected":false},"author":1,"featured_media":0,"parent":0,"menu_order":0,"comment_status":"closed","ping_status":"closed","template":"","meta":{"footnotes":""},"class_list":["post-2101","page","type-page","status-publish","hentry"],"_links":{"self":[{"href":"https:\/\/joannajachowicz.com\/pl\/wp-json\/wp\/v2\/pages\/2101","targetHints":{"allow":["GET"]}}],"collection":[{"href":"https:\/\/joannajachowicz.com\/pl\/wp-json\/wp\/v2\/pages"}],"about":[{"href":"https:\/\/joannajachowicz.com\/pl\/wp-json\/wp\/v2\/types\/page"}],"author":[{"embeddable":true,"href":"https:\/\/joannajachowicz.com\/pl\/wp-json\/wp\/v2\/users\/1"}],"replies":[{"embeddable":true,"href":"https:\/\/joannajachowicz.com\/pl\/wp-json\/wp\/v2\/comments?post=2101"}],"version-history":[{"count":5,"href":"https:\/\/joannajachowicz.com\/pl\/wp-json\/wp\/v2\/pages\/2101\/revisions"}],"predecessor-version":[{"id":2143,"href":"https:\/\/joannajachowicz.com\/pl\/wp-json\/wp\/v2\/pages\/2101\/revisions\/2143"}],"wp:attachment":[{"href":"https:\/\/joannajachowicz.com\/pl\/wp-json\/wp\/v2\/media?parent=2101"}],"curies":[{"name":"wp","href":"https:\/\/api.w.org\/{rel}","templated":true}]}}