{"id":2104,"date":"2015-12-01T12:40:00","date_gmt":"2015-12-01T11:40:00","guid":{"rendered":"http:\/\/joannajachowicz.com\/pl\/?page_id=2104"},"modified":"2015-12-02T13:57:54","modified_gmt":"2015-12-02T12:57:54","slug":"polityka-prywatnosci","status":"publish","type":"page","link":"https:\/\/joannajachowicz.com\/pl\/polityka-prywatnosci\/","title":{"rendered":"Polityka prywatno\u015bci"},"content":{"rendered":"<p>1.\u00a0Sklep nie zbiera w spos\u00f3b automatyczny \u017cadnych informacji, z wyj\u0105tkiem informacji zawartych w plikach cookies.<\/p>\n<p>2.\u00a0Pliki cookies (tak zwane \u201eciasteczka\u201d) stanowi\u0105 dane informatyczne, w szczeg\u00f3lno\u015bci pliki tekstowe, kt\u00f3re przechowywane s\u0105 w urz\u0105dzeniu ko\u0144cowym Klienta Sklepu i przeznaczone s\u0105 do korzystania ze stron internetowych Sklepu. Cookies zazwyczaj zawieraj\u0105 nazw\u0119 strony internetowej, z kt\u00f3rej pochodz\u0105, czas przechowywania ich na urz\u0105dzeniu ko\u0144cowym oraz unikalny numer.<\/p>\n<p>3.\u00a0Podmiotem zamieszczaj\u0105cym na urz\u0105dzeniu ko\u0144cowym Klienta Sklepu pliki cookies oraz uzyskuj\u0105cym do nich dost\u0119p jest operator Sklepu.<\/p>\n<p>4.\u00a0Pliki cookies wykorzystywane s\u0105 w celu:<\/p>\n<p>&#8211;\u00a0dostosowania zawarto\u015bci stron internetowych Sklepu do preferencji Klienta oraz optymalizacji korzystania ze stron internetowych; w szczeg\u00f3lno\u015bci pliki te pozwalaj\u0105 rozpozna\u0107 urz\u0105dzenie Klienta Sklepu i odpowiednio wy\u015bwietli\u0107 stron\u0119 internetow\u0105, dostosowan\u0105 do jego indywidualnych potrzeb;<\/p>\n<p>&#8211;\u00a0tworzenia statystyk, kt\u00f3re pomagaj\u0105 zrozumie\u0107, w jaki spos\u00f3b Klienci Sklepu korzystaj\u0105 ze stron internetowych, co umo\u017cliwia ulepszanie ich struktury i zawarto\u015bci;<\/p>\n<p>5.\u00a0W ramach Sklepu stosowane s\u0105 dwa zasadnicze rodzaje plik\u00f3w cookies: \u201esesyjne\u201d (session cookies) oraz \u201esta\u0142e\u201d (persistent cookies). Cookies \u201esesyjne\u201d s\u0105 plikami tymczasowymi, kt\u00f3re przechowywane s\u0105 w urz\u0105dzeniu ko\u0144cowym Klienta do czasu opuszczenia strony internetowej lub wy\u0142\u0105czenia oprogramowania (przegl\u0105darki internetowej). \u201eSta\u0142e\u201d pliki cookies przechowywane s\u0105 w urz\u0105dzeniu ko\u0144cowym Klienta przez czas okre\u015blony w parametrach plik\u00f3w cookies lub do czasu ich usuni\u0119cia przez Klienta.<\/p>\n<p>6.\u00a0W ramach Sklepu stosowane s\u0105 nast\u0119puj\u0105ce rodzaje plik\u00f3w cookies:<\/p>\n<p>&#8211;\u00a0\u201eniezb\u0119dne\u201d pliki cookies, umo\u017cliwiaj\u0105ce korzystanie z us\u0142ug dost\u0119pnych w ramach Sklepu, np. uwierzytelniaj\u0105ce pliki cookies wykorzystywane do us\u0142ug wymagaj\u0105cych uwierzytelniania w ramach Sklepu;<\/p>\n<p>&#8211;\u00a0pliki cookies s\u0142u\u017c\u0105ce do zapewnienia bezpiecze\u0144stwa, na przyk\u0142ad wykorzystywane do wykrywania nadu\u017cy\u0107 w zakresie uwierzytelniania w ramach Sklepu;<\/p>\n<p>&#8211;\u00a0\u201ewydajno\u015bciowe\u201d pliki cookies, umo\u017cliwiaj\u0105ce zbieranie informacji o sposobie korzystania ze stron internetowych Sklepu;<\/p>\n<p>&#8211;\u00a0\u201efunkcjonalne\u201d pliki cookies, umo\u017cliwiaj\u0105ce \u201ezapami\u0119tanie\u201d wybranych przez Klienta ustawie\u0144 i personalizacj\u0119 interfejsu U\u017cytkownika, np. w zakresie wybranego j\u0119zyka lub regionu, z kt\u00f3rego pochodzi Klient, rozmiaru czcionki, wygl\u0105du strony internetowej itp.;<\/p>\n<p>&#8211;\u00a0\u201ereklamowe\u201d pliki cookies, umo\u017cliwiaj\u0105ce dostarczanie Klientom tre\u015bci reklamowych bardziej dostosowanych do ich zainteresowa\u0144.<\/p>\n<p>7.\u00a0W wielu przypadkach oprogramowanie s\u0142u\u017c\u0105ce do przegl\u0105dania stron internetowych (przegl\u0105darka internetowa) domy\u015blnie dopuszcza przechowywanie plik\u00f3w cookies w urz\u0105dzeniu ko\u0144cowym Klienta. U\u017cytkownicy Sklepu mog\u0105 dokona\u0107 w ka\u017cdym czasie zmiany ustawie\u0144 dotycz\u0105cych plik\u00f3w cookies. Ustawienia te mog\u0105 zosta\u0107 zmienione w szczeg\u00f3lno\u015bci w taki spos\u00f3b, aby blokowa\u0107 automatyczn\u0105 obs\u0142ug\u0119 plik\u00f3w cookies w ustawieniach przegl\u0105darki internetowej b\u0105d\u017a informowa\u0107 o ich ka\u017cdorazowym zamieszczeniu w urz\u0105dzeniu Klienta. Szczeg\u00f3\u0142owe informacje o mo\u017cliwo\u015bci i sposobach obs\u0142ugi plik\u00f3w cookies dost\u0119pne s\u0105 w ustawieniach oprogramowania (przegl\u0105darki internetowej).<\/p>\n<p>8.\u00a0Administrator Sklepu informuje, \u017ce ograniczenia stosowania plik\u00f3w cookies mog\u0105 wp\u0142yn\u0105\u0107 na niekt\u00f3re funkcjonalno\u015bci dost\u0119pne na stronach internetowych Sklepu.<\/p>\n<p>9.\u00a0Pliki cookies zamieszczane w urz\u0105dzeniu ko\u0144cowym Klienta Sklepu wykorzystywane mog\u0105 by\u0107 r\u00f3wnie\u017c przez podmioty wsp\u00f3\u0142pracuj\u0105ce z w\u0142a\u015bcicielem Sklepu, tj. m.in. reklamodawc\u00f3w oraz partner\u00f3w.<\/p>\n<p>10.\u00a0Wi\u0119cej informacji na temat plik\u00f3w cookies dost\u0119pnych jest pod adresem www.wszystkoociasteczkach.pl lub w sekcji \u201ePomoc\u201d w menu przegl\u0105darki internetowej.<\/p>\n","protected":false},"excerpt":{"rendered":"<p>1.\u00a0Sklep nie zbiera w spos\u00f3b automatyczny \u017cadnych informacji, z wyj\u0105tkiem informacji zawartych w plikach cookies. 2.\u00a0Pliki cookies (tak zwane \u201eciasteczka\u201d) stanowi\u0105 dane informatyczne, w szczeg\u00f3lno\u015bci pliki tekstowe, kt\u00f3re przechowywane s\u0105&#8230;<\/p>\n","protected":false},"author":1,"featured_media":0,"parent":0,"menu_order":0,"comment_status":"closed","ping_status":"closed","template":"","meta":{"footnotes":""},"class_list":["post-2104","page","type-page","status-publish","hentry"],"_links":{"self":[{"href":"https:\/\/joannajachowicz.com\/pl\/wp-json\/wp\/v2\/pages\/2104","targetHints":{"allow":["GET"]}}],"collection":[{"href":"https:\/\/joannajachowicz.com\/pl\/wp-json\/wp\/v2\/pages"}],"about":[{"href":"https:\/\/joannajachowicz.com\/pl\/wp-json\/wp\/v2\/types\/page"}],"author":[{"embeddable":true,"href":"https:\/\/joannajachowicz.com\/pl\/wp-json\/wp\/v2\/users\/1"}],"replies":[{"embeddable":true,"href":"https:\/\/joannajachowicz.com\/pl\/wp-json\/wp\/v2\/comments?post=2104"}],"version-history":[{"count":4,"href":"https:\/\/joannajachowicz.com\/pl\/wp-json\/wp\/v2\/pages\/2104\/revisions"}],"predecessor-version":[{"id":2142,"href":"https:\/\/joannajachowicz.com\/pl\/wp-json\/wp\/v2\/pages\/2104\/revisions\/2142"}],"wp:attachment":[{"href":"https:\/\/joannajachowicz.com\/pl\/wp-json\/wp\/v2\/media?parent=2104"}],"curies":[{"name":"wp","href":"https:\/\/api.w.org\/{rel}","templated":true}]}}