{"id":2113,"date":"2015-12-01T13:50:21","date_gmt":"2015-12-01T12:50:21","guid":{"rendered":"http:\/\/joannajachowicz.com\/pl\/?page_id=2113"},"modified":"2016-09-28T16:36:38","modified_gmt":"2016-09-28T14:36:38","slug":"tabela-rozmiarow","status":"publish","type":"page","link":"https:\/\/joannajachowicz.com\/pl\/tabela-rozmiarow\/","title":{"rendered":"Tabela rozmiar\u00f3w"},"content":{"rendered":"<div class=\"rozmairy\">\n<table>\n<tbody>\n<tr>\n<th><\/th>\n<th>S<\/th>\n<th>M<\/th>\n<th>L<\/th>\n<\/tr>\n<tr>\n<td>Wzrost<\/td>\n<td>175<\/td>\n<td>175<\/td>\n<td>175<\/td>\n<\/tr>\n<tr>\n<td>Obw\u00f3d biustu<\/td>\n<td>82<\/td>\n<td>90<\/td>\n<td>98<\/td>\n<\/tr>\n<tr>\n<td>Obw\u00f3d talii<\/td>\n<td>65<\/td>\n<td>73<\/td>\n<td>81<\/td>\n<\/tr>\n<tr>\n<td>Obw\u00f3d bioder<\/td>\n<td>90<\/td>\n<td>98<\/td>\n<td>106<\/td>\n<\/tr>\n<\/tbody>\n<\/table>\n<\/div>\n<p>Je\u015bli potrzebujesz inny rozmiar ni\u017c dost\u0119pne w tabeli lub projekt szyty na miar\u0119 skontaktuj si\u0119 z projektantk\u0105 drog\u0105 mailow\u0105 lub telefoniczn\u0105.<\/p>\n","protected":false},"excerpt":{"rendered":"<p>S M L Wzrost 175 175 175 Obw\u00f3d biustu 82 90 98 Obw\u00f3d talii 65 73 81 Obw\u00f3d bioder 90 98 106 Je\u015bli potrzebujesz inny rozmiar ni\u017c dost\u0119pne w tabeli&#8230;<\/p>\n","protected":false},"author":1,"featured_media":0,"parent":0,"menu_order":0,"comment_status":"closed","ping_status":"closed","template":"","meta":{"footnotes":""},"class_list":["post-2113","page","type-page","status-publish","hentry"],"_links":{"self":[{"href":"https:\/\/joannajachowicz.com\/pl\/wp-json\/wp\/v2\/pages\/2113","targetHints":{"allow":["GET"]}}],"collection":[{"href":"https:\/\/joannajachowicz.com\/pl\/wp-json\/wp\/v2\/pages"}],"about":[{"href":"https:\/\/joannajachowicz.com\/pl\/wp-json\/wp\/v2\/types\/page"}],"author":[{"embeddable":true,"href":"https:\/\/joannajachowicz.com\/pl\/wp-json\/wp\/v2\/users\/1"}],"replies":[{"embeddable":true,"href":"https:\/\/joannajachowicz.com\/pl\/wp-json\/wp\/v2\/comments?post=2113"}],"version-history":[{"count":3,"href":"https:\/\/joannajachowicz.com\/pl\/wp-json\/wp\/v2\/pages\/2113\/revisions"}],"predecessor-version":[{"id":2924,"href":"https:\/\/joannajachowicz.com\/pl\/wp-json\/wp\/v2\/pages\/2113\/revisions\/2924"}],"wp:attachment":[{"href":"https:\/\/joannajachowicz.com\/pl\/wp-json\/wp\/v2\/media?parent=2113"}],"curies":[{"name":"wp","href":"https:\/\/api.w.org\/{rel}","templated":true}]}}