{"id":1819,"date":"2015-07-24T16:21:42","date_gmt":"2015-07-24T14:21:42","guid":{"rendered":"http:\/\/joannajachowicz.com\/?post_type=product&#038;p=1819"},"modified":"2025-10-08T17:55:47","modified_gmt":"2025-10-08T15:55:47","slug":"bluza-blue","status":"publish","type":"product","link":"https:\/\/joannajachowicz.com\/pl\/sklep\/bluza\/bluza-blue\/","title":{"rendered":"Bluza blue"},"content":{"rendered":"<p>Wygodna bluza z szaroniebieskiej dzianiny z koronkowymi aplikacjami na ramionach i r\u0119kawach. \u015awietnie sprawdzi si\u0119 do codziennych stylizacji.<\/p>\n","protected":false},"excerpt":{"rendered":"<p>Wygodna bluza z szaroniebieskiej dzianiny z koronkowymi aplikacjami na ramionach i r\u0119kawach. \u015awietnie sprawdzi si\u0119 do codziennych stylizacji.<\/p>\n","protected":false},"featured_media":2080,"comment_status":"open","ping_status":"closed","template":"","meta":[],"product_brand":[],"product_cat":[91],"product_tag":[],"class_list":{"0":"post-1819","1":"product","2":"type-product","3":"status-publish","4":"has-post-thumbnail","6":"product_cat-bluza","8":"first","9":"outofstock","10":"shipping-taxable","11":"purchasable","12":"product-type-variable"},"_links":{"self":[{"href":"https:\/\/joannajachowicz.com\/pl\/wp-json\/wp\/v2\/product\/1819","targetHints":{"allow":["GET"]}}],"collection":[{"href":"https:\/\/joannajachowicz.com\/pl\/wp-json\/wp\/v2\/product"}],"about":[{"href":"https:\/\/joannajachowicz.com\/pl\/wp-json\/wp\/v2\/types\/product"}],"replies":[{"embeddable":true,"href":"https:\/\/joannajachowicz.com\/pl\/wp-json\/wp\/v2\/comments?post=1819"}],"wp:featuredmedia":[{"embeddable":true,"href":"https:\/\/joannajachowicz.com\/pl\/wp-json\/wp\/v2\/media\/2080"}],"wp:attachment":[{"href":"https:\/\/joannajachowicz.com\/pl\/wp-json\/wp\/v2\/media?parent=1819"}],"wp:term":[{"taxonomy":"product_brand","embeddable":true,"href":"https:\/\/joannajachowicz.com\/pl\/wp-json\/wp\/v2\/product_brand?post=1819"},{"taxonomy":"product_cat","embeddable":true,"href":"https:\/\/joannajachowicz.com\/pl\/wp-json\/wp\/v2\/product_cat?post=1819"},{"taxonomy":"product_tag","embeddable":true,"href":"https:\/\/joannajachowicz.com\/pl\/wp-json\/wp\/v2\/product_tag?post=1819"}],"curies":[{"name":"wp","href":"https:\/\/api.w.org\/{rel}","templated":true}]}}