{"id":1862,"date":"2015-07-24T17:03:58","date_gmt":"2015-07-24T15:03:58","guid":{"rendered":"http:\/\/joannajachowicz.com\/?post_type=product&#038;p=1862"},"modified":"2025-10-08T17:55:14","modified_gmt":"2025-10-08T15:55:14","slug":"kurtka-parka","status":"publish","type":"product","link":"https:\/\/joannajachowicz.com\/pl\/sklep\/kurtka\/kurtka-parka\/","title":{"rendered":"Kurtka parka"},"content":{"rendered":"<div>\n<div>Lekka i wygodna, przeciwdeszczowa kurtka w sportowym stylu, zapinana na suwak, z kapturem. Doskona\u0142a na spacer z rodzin\u0105, przyjaci\u00f3\u0142mi, czy ukochanym zwierzakiem. \u015awietnie sprawdzi si\u0119 na rower i nie tylko. Gumka w talii podkre\u015bla kobiec\u0105 sylwetk\u0119 natomiast r\u0119kawy reglanowe gwarantuj\u0105 pe\u0142en komfort podczas r\u00f3\u017cnych aktywno\u015bci fizycznych, a tak\u017ce nadaj\u0105 jej charakterystyczny styl. Kurtka dost\u0119pna jest w trzech rozmiarach S, M i L w kolorze widocznym na zdj\u0119ciu produktowym. Zdj\u0119cie na modelce jest zdj\u0119ciem pogl\u0105dowym pokazuj\u0105cym og\u00f3lny fason kurtki.<\/div>\n<\/div>\n<div><\/div>\n","protected":false},"excerpt":{"rendered":"<p>Lekka i wygodna, przeciwdeszczowa kurtka w sportowym stylu, zapinana na suwak, z kapturem. Doskona\u0142a na spacer z rodzin\u0105, przyjaci\u00f3\u0142mi, czy ukochanym zwierzakiem. \u015awietnie sprawdzi si\u0119 na rower i nie tylko&#8230;.<\/p>\n","protected":false},"featured_media":3002,"comment_status":"open","ping_status":"closed","template":"","meta":[],"product_brand":[],"product_cat":[93,21],"product_tag":[],"class_list":{"0":"post-1862","1":"product","2":"type-product","3":"status-publish","4":"has-post-thumbnail","6":"product_cat-kurtka","7":"product_cat-plaszcz","9":"first","10":"outofstock","11":"shipping-taxable","12":"purchasable","13":"product-type-variable"},"_links":{"self":[{"href":"https:\/\/joannajachowicz.com\/pl\/wp-json\/wp\/v2\/product\/1862","targetHints":{"allow":["GET"]}}],"collection":[{"href":"https:\/\/joannajachowicz.com\/pl\/wp-json\/wp\/v2\/product"}],"about":[{"href":"https:\/\/joannajachowicz.com\/pl\/wp-json\/wp\/v2\/types\/product"}],"replies":[{"embeddable":true,"href":"https:\/\/joannajachowicz.com\/pl\/wp-json\/wp\/v2\/comments?post=1862"}],"wp:featuredmedia":[{"embeddable":true,"href":"https:\/\/joannajachowicz.com\/pl\/wp-json\/wp\/v2\/media\/3002"}],"wp:attachment":[{"href":"https:\/\/joannajachowicz.com\/pl\/wp-json\/wp\/v2\/media?parent=1862"}],"wp:term":[{"taxonomy":"product_brand","embeddable":true,"href":"https:\/\/joannajachowicz.com\/pl\/wp-json\/wp\/v2\/product_brand?post=1862"},{"taxonomy":"product_cat","embeddable":true,"href":"https:\/\/joannajachowicz.com\/pl\/wp-json\/wp\/v2\/product_cat?post=1862"},{"taxonomy":"product_tag","embeddable":true,"href":"https:\/\/joannajachowicz.com\/pl\/wp-json\/wp\/v2\/product_tag?post=1862"}],"curies":[{"name":"wp","href":"https:\/\/api.w.org\/{rel}","templated":true}]}}