{"id":1918,"date":"2015-11-24T22:46:09","date_gmt":"2015-11-24T21:46:09","guid":{"rendered":"http:\/\/joannajachowicz.com\/?post_type=product&#038;p=1918"},"modified":"2025-10-08T17:55:14","modified_gmt":"2025-10-08T15:55:14","slug":"bluza-enaque","status":"publish","type":"product","link":"https:\/\/joannajachowicz.com\/pl\/sklep\/bluza\/bluza-enaque\/","title":{"rendered":"Bluza Enaque"},"content":{"rendered":"<p>Bluza o kimonowym kroju wykonana z mi\u0119kkiej dzianiny wiskozowej to propozycja, kt\u00f3ra doskonale sprawdzi si\u0119 w zestawie z modnymi spodniami typu culotte. Bluza stanowi tak\u017ce \u015bwietne dope\u0142nienie klasycznej stylizacji ze sp\u00f3dnic\u0105 b\u0105d\u017a wygodnej stylizacji casualowej.<\/p>\n<ul>\n<li>100% wiskoza<\/li>\n<li>kolor granatowy<\/li>\n<li>pranie w 30\u00b0 C<\/li>\n<\/ul>\n<p>&nbsp;<\/p>\n","protected":false},"excerpt":{"rendered":"<p>Bluza o kimonowym kroju wykonana z mi\u0119kkiej dzianiny wiskozowej to propozycja, kt\u00f3ra doskonale sprawdzi si\u0119 w zestawie z modnymi spodniami typu culotte. Bluza stanowi tak\u017ce \u015bwietne dope\u0142nienie klasycznej stylizacji ze&#8230;<\/p>\n","protected":false},"featured_media":1988,"comment_status":"open","ping_status":"closed","template":"","meta":[],"product_brand":[],"product_cat":[91,26],"product_tag":[],"class_list":{"0":"post-1918","1":"product","2":"type-product","3":"status-publish","4":"has-post-thumbnail","6":"product_cat-bluza","7":"product_cat-bluzka","9":"first","10":"outofstock","11":"shipping-taxable","12":"purchasable","13":"product-type-variable"},"_links":{"self":[{"href":"https:\/\/joannajachowicz.com\/pl\/wp-json\/wp\/v2\/product\/1918","targetHints":{"allow":["GET"]}}],"collection":[{"href":"https:\/\/joannajachowicz.com\/pl\/wp-json\/wp\/v2\/product"}],"about":[{"href":"https:\/\/joannajachowicz.com\/pl\/wp-json\/wp\/v2\/types\/product"}],"replies":[{"embeddable":true,"href":"https:\/\/joannajachowicz.com\/pl\/wp-json\/wp\/v2\/comments?post=1918"}],"wp:featuredmedia":[{"embeddable":true,"href":"https:\/\/joannajachowicz.com\/pl\/wp-json\/wp\/v2\/media\/1988"}],"wp:attachment":[{"href":"https:\/\/joannajachowicz.com\/pl\/wp-json\/wp\/v2\/media?parent=1918"}],"wp:term":[{"taxonomy":"product_brand","embeddable":true,"href":"https:\/\/joannajachowicz.com\/pl\/wp-json\/wp\/v2\/product_brand?post=1918"},{"taxonomy":"product_cat","embeddable":true,"href":"https:\/\/joannajachowicz.com\/pl\/wp-json\/wp\/v2\/product_cat?post=1918"},{"taxonomy":"product_tag","embeddable":true,"href":"https:\/\/joannajachowicz.com\/pl\/wp-json\/wp\/v2\/product_tag?post=1918"}],"curies":[{"name":"wp","href":"https:\/\/api.w.org\/{rel}","templated":true}]}}