{"id":1980,"date":"2015-11-24T23:37:45","date_gmt":"2015-11-24T22:37:45","guid":{"rendered":"http:\/\/joannajachowicz.com\/?post_type=product&#038;p=1980"},"modified":"2025-10-08T17:55:14","modified_gmt":"2025-10-08T15:55:14","slug":"bluzka-lilac","status":"publish","type":"product","link":"https:\/\/joannajachowicz.com\/pl\/sklep\/bluza\/bluzka-lilac\/","title":{"rendered":"Bluzka Lilac"},"content":{"rendered":"<p>We\u0142niana, ciep\u0142a bluzka \u00a0doskonale sprawdzi si\u0119 do o\u0142\u00f3wkowej sp\u00f3dnicy, jak i do spodni z podwy\u017cszonym stanem.<\/p>\n<ul>\n<li>80 % we\u0142na, 20% kaszmir<\/li>\n<li>podszewka 100% wiskoza<\/li>\n<li>kolor jasnoniebieski<\/li>\n<li>pranie chemiczne<\/li>\n<\/ul>\n","protected":false},"excerpt":{"rendered":"<p>We\u0142niana, ciep\u0142a bluzka \u00a0doskonale sprawdzi si\u0119 do o\u0142\u00f3wkowej sp\u00f3dnicy, jak i do spodni z podwy\u017cszonym stanem. 80 % we\u0142na, 20% kaszmir podszewka 100% wiskoza kolor jasnoniebieski pranie chemiczne<\/p>\n","protected":false},"featured_media":2016,"comment_status":"open","ping_status":"closed","template":"","meta":[],"product_brand":[],"product_cat":[91,26],"product_tag":[],"class_list":{"0":"post-1980","1":"product","2":"type-product","3":"status-publish","4":"has-post-thumbnail","6":"product_cat-bluza","7":"product_cat-bluzka","9":"first","10":"outofstock","11":"featured","12":"shipping-taxable","13":"purchasable","14":"product-type-variable"},"_links":{"self":[{"href":"https:\/\/joannajachowicz.com\/pl\/wp-json\/wp\/v2\/product\/1980","targetHints":{"allow":["GET"]}}],"collection":[{"href":"https:\/\/joannajachowicz.com\/pl\/wp-json\/wp\/v2\/product"}],"about":[{"href":"https:\/\/joannajachowicz.com\/pl\/wp-json\/wp\/v2\/types\/product"}],"replies":[{"embeddable":true,"href":"https:\/\/joannajachowicz.com\/pl\/wp-json\/wp\/v2\/comments?post=1980"}],"wp:featuredmedia":[{"embeddable":true,"href":"https:\/\/joannajachowicz.com\/pl\/wp-json\/wp\/v2\/media\/2016"}],"wp:attachment":[{"href":"https:\/\/joannajachowicz.com\/pl\/wp-json\/wp\/v2\/media?parent=1980"}],"wp:term":[{"taxonomy":"product_brand","embeddable":true,"href":"https:\/\/joannajachowicz.com\/pl\/wp-json\/wp\/v2\/product_brand?post=1980"},{"taxonomy":"product_cat","embeddable":true,"href":"https:\/\/joannajachowicz.com\/pl\/wp-json\/wp\/v2\/product_cat?post=1980"},{"taxonomy":"product_tag","embeddable":true,"href":"https:\/\/joannajachowicz.com\/pl\/wp-json\/wp\/v2\/product_tag?post=1980"}],"curies":[{"name":"wp","href":"https:\/\/api.w.org\/{rel}","templated":true}]}}