{"id":2019,"date":"2015-11-27T20:07:48","date_gmt":"2015-11-27T19:07:48","guid":{"rendered":"http:\/\/joannajachowicz.com\/pl\/?post_type=product&#038;p=2019"},"modified":"2025-10-08T17:55:14","modified_gmt":"2025-10-08T15:55:14","slug":"marynarka-etilla","status":"publish","type":"product","link":"https:\/\/joannajachowicz.com\/pl\/sklep\/marynarka\/marynarka-etilla\/","title":{"rendered":"Marynarka Etilla"},"content":{"rendered":"<p class=\"product-description\">Pude\u0142kowa marynarka w odcieniu eleganckiego granatu po\u0142\u0105czonego z grafitem to projekt minimalistyczny i niezwykle szykowny. Idealny do formalnych stylizacji, lecz r\u00f3wnie\u017c do wygodnych d\u017cins\u00f3w i ulubionego T-shirtu. Marynarka wyr\u00f3\u017cnia si\u0119 ciekawym krojem oraz po\u0142\u0105czeniem delikatnej we\u0142ny z dzianin\u0105, kt\u00f3ra zapewnia komfort noszenia.<\/p>\n<ul>\n<li class=\"product-description\">we\u0142na i dzianina wiskozowa<\/li>\n<li class=\"product-description\">podszewka 100% wiskoza<\/li>\n<li class=\"product-description\">kolor granatowy z szarym<\/li>\n<li class=\"product-description\">pranie chemiczne<\/li>\n<\/ul>\n<div><\/div>\n<p>&nbsp;<\/p>\n","protected":false},"excerpt":{"rendered":"<p>Pude\u0142kowa marynarka w odcieniu eleganckiego granatu po\u0142\u0105czonego z grafitem to projekt minimalistyczny i niezwykle szykowny. Idealny do formalnych stylizacji, lecz r\u00f3wnie\u017c do wygodnych d\u017cins\u00f3w i ulubionego T-shirtu. Marynarka wyr\u00f3\u017cnia si\u0119&#8230;<\/p>\n","protected":false},"featured_media":1949,"comment_status":"open","ping_status":"closed","template":"","meta":[],"product_brand":[],"product_cat":[23],"product_tag":[],"class_list":{"0":"post-2019","1":"product","2":"type-product","3":"status-publish","4":"has-post-thumbnail","6":"product_cat-marynarka","8":"first","9":"outofstock","10":"shipping-taxable","11":"purchasable","12":"product-type-variable","13":"has-default-attributes"},"_links":{"self":[{"href":"https:\/\/joannajachowicz.com\/pl\/wp-json\/wp\/v2\/product\/2019","targetHints":{"allow":["GET"]}}],"collection":[{"href":"https:\/\/joannajachowicz.com\/pl\/wp-json\/wp\/v2\/product"}],"about":[{"href":"https:\/\/joannajachowicz.com\/pl\/wp-json\/wp\/v2\/types\/product"}],"replies":[{"embeddable":true,"href":"https:\/\/joannajachowicz.com\/pl\/wp-json\/wp\/v2\/comments?post=2019"}],"wp:featuredmedia":[{"embeddable":true,"href":"https:\/\/joannajachowicz.com\/pl\/wp-json\/wp\/v2\/media\/1949"}],"wp:attachment":[{"href":"https:\/\/joannajachowicz.com\/pl\/wp-json\/wp\/v2\/media?parent=2019"}],"wp:term":[{"taxonomy":"product_brand","embeddable":true,"href":"https:\/\/joannajachowicz.com\/pl\/wp-json\/wp\/v2\/product_brand?post=2019"},{"taxonomy":"product_cat","embeddable":true,"href":"https:\/\/joannajachowicz.com\/pl\/wp-json\/wp\/v2\/product_cat?post=2019"},{"taxonomy":"product_tag","embeddable":true,"href":"https:\/\/joannajachowicz.com\/pl\/wp-json\/wp\/v2\/product_tag?post=2019"}],"curies":[{"name":"wp","href":"https:\/\/api.w.org\/{rel}","templated":true}]}}