{"id":2031,"date":"2015-11-27T21:24:13","date_gmt":"2015-11-27T20:24:13","guid":{"rendered":"http:\/\/joannajachowicz.com\/pl\/?post_type=product&#038;p=2031"},"modified":"2025-10-08T17:55:13","modified_gmt":"2025-10-08T15:55:13","slug":"plaszcz-edelei","status":"publish","type":"product","link":"https:\/\/joannajachowicz.com\/pl\/sklep\/kurtka\/plaszcz-edelei\/","title":{"rendered":"P\u0142aszcz Edelei"},"content":{"rendered":"<p><span class=\"Apple-style-span\">D\u0142ugi, zapinany na zatrzaski, we\u0142niany p\u0142aszcz bez ko\u0142nierza o prostym kroju. Najwy\u017cszej jako\u015bci we\u0142na zapewni komfort termiczny. P\u0142aszcz wyko\u0144czony wewn\u0105trz podszewk\u0105 z wiskozy.\u00a0<\/span><\/p>\n<ul>\n<li>100% we\u0142na<\/li>\n<li>podszewka 100% wiskoza<\/li>\n<li>zapinany na zatrzaski<\/li>\n<li>kolor granatowy z kobaltowym<\/li>\n<li>pranie chemiczne<\/li>\n<\/ul>\n","protected":false},"excerpt":{"rendered":"<p>D\u0142ugi, zapinany na zatrzaski, we\u0142niany p\u0142aszcz bez ko\u0142nierza o prostym kroju. Najwy\u017cszej jako\u015bci we\u0142na zapewni komfort termiczny. P\u0142aszcz wyko\u0144czony wewn\u0105trz podszewk\u0105 z wiskozy.\u00a0 100% we\u0142na podszewka 100% wiskoza zapinany na&#8230;<\/p>\n","protected":false},"featured_media":1965,"comment_status":"open","ping_status":"closed","template":"","meta":[],"product_brand":[],"product_cat":[93,21],"product_tag":[],"class_list":{"0":"post-2031","1":"product","2":"type-product","3":"status-publish","4":"has-post-thumbnail","6":"product_cat-kurtka","7":"product_cat-plaszcz","9":"first","10":"outofstock","11":"shipping-taxable","12":"purchasable","13":"product-type-variable"},"_links":{"self":[{"href":"https:\/\/joannajachowicz.com\/pl\/wp-json\/wp\/v2\/product\/2031","targetHints":{"allow":["GET"]}}],"collection":[{"href":"https:\/\/joannajachowicz.com\/pl\/wp-json\/wp\/v2\/product"}],"about":[{"href":"https:\/\/joannajachowicz.com\/pl\/wp-json\/wp\/v2\/types\/product"}],"replies":[{"embeddable":true,"href":"https:\/\/joannajachowicz.com\/pl\/wp-json\/wp\/v2\/comments?post=2031"}],"wp:featuredmedia":[{"embeddable":true,"href":"https:\/\/joannajachowicz.com\/pl\/wp-json\/wp\/v2\/media\/1965"}],"wp:attachment":[{"href":"https:\/\/joannajachowicz.com\/pl\/wp-json\/wp\/v2\/media?parent=2031"}],"wp:term":[{"taxonomy":"product_brand","embeddable":true,"href":"https:\/\/joannajachowicz.com\/pl\/wp-json\/wp\/v2\/product_brand?post=2031"},{"taxonomy":"product_cat","embeddable":true,"href":"https:\/\/joannajachowicz.com\/pl\/wp-json\/wp\/v2\/product_cat?post=2031"},{"taxonomy":"product_tag","embeddable":true,"href":"https:\/\/joannajachowicz.com\/pl\/wp-json\/wp\/v2\/product_tag?post=2031"}],"curies":[{"name":"wp","href":"https:\/\/api.w.org\/{rel}","templated":true}]}}