{"id":2035,"date":"2015-11-27T21:32:02","date_gmt":"2015-11-27T20:32:02","guid":{"rendered":"http:\/\/joannajachowicz.com\/pl\/?post_type=product&#038;p=2035"},"modified":"2025-10-08T17:55:13","modified_gmt":"2025-10-08T15:55:13","slug":"plaszcz-serenity","status":"publish","type":"product","link":"https:\/\/joannajachowicz.com\/pl\/sklep\/kurtka\/plaszcz-serenity\/","title":{"rendered":"P\u0142aszcz Serenity"},"content":{"rendered":"<p><span class=\"Apple-style-span\">D\u0142ugi, zapinany na zatrzaski, we\u0142niany p\u0142aszcz o prostym kroju. Przy szyi niewielka st\u00f3jka. P\u0142aszcz wyko\u0144czony wewn\u0105trz podszewk\u0105 z wiskozy.\u00a0<\/span><\/p>\n<ul>\n<li>we\u0142na 80% kaszmir 20%<\/li>\n<li>podszewka 100% wiskoza<\/li>\n<li>kolor jasnoniebieski<\/li>\n<li>pranie chemiczne<\/li>\n<\/ul>\n","protected":false},"excerpt":{"rendered":"<p>D\u0142ugi, zapinany na zatrzaski, we\u0142niany p\u0142aszcz o prostym kroju. Przy szyi niewielka st\u00f3jka. P\u0142aszcz wyko\u0144czony wewn\u0105trz podszewk\u0105 z wiskozy.\u00a0 we\u0142na 80% kaszmir 20% podszewka 100% wiskoza kolor jasnoniebieski pranie chemiczne<\/p>\n","protected":false},"featured_media":1967,"comment_status":"open","ping_status":"closed","template":"","meta":[],"product_brand":[],"product_cat":[93,21],"product_tag":[],"class_list":{"0":"post-2035","1":"product","2":"type-product","3":"status-publish","4":"has-post-thumbnail","6":"product_cat-kurtka","7":"product_cat-plaszcz","9":"first","10":"outofstock","11":"shipping-taxable","12":"purchasable","13":"product-type-variable"},"_links":{"self":[{"href":"https:\/\/joannajachowicz.com\/pl\/wp-json\/wp\/v2\/product\/2035","targetHints":{"allow":["GET"]}}],"collection":[{"href":"https:\/\/joannajachowicz.com\/pl\/wp-json\/wp\/v2\/product"}],"about":[{"href":"https:\/\/joannajachowicz.com\/pl\/wp-json\/wp\/v2\/types\/product"}],"replies":[{"embeddable":true,"href":"https:\/\/joannajachowicz.com\/pl\/wp-json\/wp\/v2\/comments?post=2035"}],"wp:featuredmedia":[{"embeddable":true,"href":"https:\/\/joannajachowicz.com\/pl\/wp-json\/wp\/v2\/media\/1967"}],"wp:attachment":[{"href":"https:\/\/joannajachowicz.com\/pl\/wp-json\/wp\/v2\/media?parent=2035"}],"wp:term":[{"taxonomy":"product_brand","embeddable":true,"href":"https:\/\/joannajachowicz.com\/pl\/wp-json\/wp\/v2\/product_brand?post=2035"},{"taxonomy":"product_cat","embeddable":true,"href":"https:\/\/joannajachowicz.com\/pl\/wp-json\/wp\/v2\/product_cat?post=2035"},{"taxonomy":"product_tag","embeddable":true,"href":"https:\/\/joannajachowicz.com\/pl\/wp-json\/wp\/v2\/product_tag?post=2035"}],"curies":[{"name":"wp","href":"https:\/\/api.w.org\/{rel}","templated":true}]}}