{"id":2047,"date":"2015-11-27T22:04:01","date_gmt":"2015-11-27T21:04:01","guid":{"rendered":"http:\/\/joannajachowicz.com\/pl\/?post_type=product&#038;p=2047"},"modified":"2025-10-08T17:55:12","modified_gmt":"2025-10-08T15:55:12","slug":"spodnie-lumine","status":"publish","type":"product","link":"https:\/\/joannajachowicz.com\/pl\/sklep\/spodnie\/spodnie-lumine\/","title":{"rendered":"Spodnie Lumine"},"content":{"rendered":"<p class=\"product-description\">Spodnie przypominaj\u0105ce modne culotte\u00a0b\u0119d\u0105 stanowi\u0107 idealn\u0105 baz\u0119 wielu stylizacji.\u00a0Zapinane na zamek ukryty w bocznym szwie. Wykonane z wysokiej jako\u015bci w\u0142oskiej we\u0142ny w odcieniu szaro\u015bci.<\/p>\n<ul>\n<li class=\"product-description\">we\u0142na<\/li>\n<li class=\"product-description\">suwak kryty<\/li>\n<li class=\"product-description\">kolor jasnoszary<\/li>\n<li class=\"product-description\">pranie chemiczne<\/li>\n<\/ul>\n<div><\/div>\n<p>&nbsp;<\/p>\n","protected":false},"excerpt":{"rendered":"<p>Spodnie przypominaj\u0105ce modne culotte\u00a0b\u0119d\u0105 stanowi\u0107 idealn\u0105 baz\u0119 wielu stylizacji.\u00a0Zapinane na zamek ukryty w bocznym szwie. Wykonane z wysokiej jako\u015bci w\u0142oskiej we\u0142ny w odcieniu szaro\u015bci. we\u0142na suwak kryty kolor jasnoszary pranie&#8230;<\/p>\n","protected":false},"featured_media":1973,"comment_status":"open","ping_status":"closed","template":"","meta":[],"product_brand":[],"product_cat":[20],"product_tag":[],"class_list":{"0":"post-2047","1":"product","2":"type-product","3":"status-publish","4":"has-post-thumbnail","6":"product_cat-spodnie","8":"first","9":"outofstock","10":"shipping-taxable","11":"purchasable","12":"product-type-variable"},"_links":{"self":[{"href":"https:\/\/joannajachowicz.com\/pl\/wp-json\/wp\/v2\/product\/2047","targetHints":{"allow":["GET"]}}],"collection":[{"href":"https:\/\/joannajachowicz.com\/pl\/wp-json\/wp\/v2\/product"}],"about":[{"href":"https:\/\/joannajachowicz.com\/pl\/wp-json\/wp\/v2\/types\/product"}],"replies":[{"embeddable":true,"href":"https:\/\/joannajachowicz.com\/pl\/wp-json\/wp\/v2\/comments?post=2047"}],"wp:featuredmedia":[{"embeddable":true,"href":"https:\/\/joannajachowicz.com\/pl\/wp-json\/wp\/v2\/media\/1973"}],"wp:attachment":[{"href":"https:\/\/joannajachowicz.com\/pl\/wp-json\/wp\/v2\/media?parent=2047"}],"wp:term":[{"taxonomy":"product_brand","embeddable":true,"href":"https:\/\/joannajachowicz.com\/pl\/wp-json\/wp\/v2\/product_brand?post=2047"},{"taxonomy":"product_cat","embeddable":true,"href":"https:\/\/joannajachowicz.com\/pl\/wp-json\/wp\/v2\/product_cat?post=2047"},{"taxonomy":"product_tag","embeddable":true,"href":"https:\/\/joannajachowicz.com\/pl\/wp-json\/wp\/v2\/product_tag?post=2047"}],"curies":[{"name":"wp","href":"https:\/\/api.w.org\/{rel}","templated":true}]}}