{"id":2051,"date":"2015-11-28T14:55:39","date_gmt":"2015-11-28T13:55:39","guid":{"rendered":"http:\/\/joannajachowicz.com\/pl\/?post_type=product&#038;p=2051"},"modified":"2025-10-08T17:55:12","modified_gmt":"2025-10-08T15:55:12","slug":"spodnica-nenna","status":"publish","type":"product","link":"https:\/\/joannajachowicz.com\/pl\/sklep\/spodnica\/spodnica-nenna\/","title":{"rendered":"Sp\u00f3dnica Nenna"},"content":{"rendered":"<p>Sp\u00f3dnica midi o klasycznym, trapezowym kroju &#8211; z wysokim stanem, dopasowana w talii oraz biodrach, lekko rozszerzana do do\u0142u. Wykonana z we\u0142ny w kolorze szaro-granatowym.<\/p>\n<ul>\n<li>we\u0142na<\/li>\n<li>podszewka 100% wiskoza<\/li>\n<li>kolor szaro-granatowy<\/li>\n<li>pranie chemiczne<\/li>\n<\/ul>\n","protected":false},"excerpt":{"rendered":"<p>Sp\u00f3dnica midi o klasycznym, trapezowym kroju &#8211; z wysokim stanem, dopasowana w talii oraz biodrach, lekko rozszerzana do do\u0142u. Wykonana z we\u0142ny w kolorze szaro-granatowym. we\u0142na podszewka 100% wiskoza kolor&#8230;<\/p>\n","protected":false},"featured_media":1971,"comment_status":"open","ping_status":"closed","template":"","meta":[],"product_brand":[],"product_cat":[22],"product_tag":[],"class_list":{"0":"post-2051","1":"product","2":"type-product","3":"status-publish","4":"has-post-thumbnail","6":"product_cat-spodnica","8":"first","9":"outofstock","10":"shipping-taxable","11":"purchasable","12":"product-type-variable"},"_links":{"self":[{"href":"https:\/\/joannajachowicz.com\/pl\/wp-json\/wp\/v2\/product\/2051","targetHints":{"allow":["GET"]}}],"collection":[{"href":"https:\/\/joannajachowicz.com\/pl\/wp-json\/wp\/v2\/product"}],"about":[{"href":"https:\/\/joannajachowicz.com\/pl\/wp-json\/wp\/v2\/types\/product"}],"replies":[{"embeddable":true,"href":"https:\/\/joannajachowicz.com\/pl\/wp-json\/wp\/v2\/comments?post=2051"}],"wp:featuredmedia":[{"embeddable":true,"href":"https:\/\/joannajachowicz.com\/pl\/wp-json\/wp\/v2\/media\/1971"}],"wp:attachment":[{"href":"https:\/\/joannajachowicz.com\/pl\/wp-json\/wp\/v2\/media?parent=2051"}],"wp:term":[{"taxonomy":"product_brand","embeddable":true,"href":"https:\/\/joannajachowicz.com\/pl\/wp-json\/wp\/v2\/product_brand?post=2051"},{"taxonomy":"product_cat","embeddable":true,"href":"https:\/\/joannajachowicz.com\/pl\/wp-json\/wp\/v2\/product_cat?post=2051"},{"taxonomy":"product_tag","embeddable":true,"href":"https:\/\/joannajachowicz.com\/pl\/wp-json\/wp\/v2\/product_tag?post=2051"}],"curies":[{"name":"wp","href":"https:\/\/api.w.org\/{rel}","templated":true}]}}