{"id":2059,"date":"2015-11-28T15:41:01","date_gmt":"2015-11-28T14:41:01","guid":{"rendered":"http:\/\/joannajachowicz.com\/pl\/?post_type=product&#038;p=2059"},"modified":"2025-10-08T17:55:10","modified_gmt":"2025-10-08T15:55:10","slug":"sukienka-marine","status":"publish","type":"product","link":"https:\/\/joannajachowicz.com\/pl\/sklep\/sukienka\/sukienka-marine\/","title":{"rendered":"Sukienka Marine"},"content":{"rendered":"<p>Minimalistyczna sukienka z szerokim do\u0142em z klin\u00f3w w odcieniu eleganckiego granatu. G\u00f3ra sukienki dopasowana z ma\u0142\u0105 st\u00f3jk\u0105. Sukienka doskonale sprawdzi si\u0119 w wersji formalnej z eleganck\u0105 marynark\u0105 jak i w formie bardziej casualowej do kozak\u00f3w czy ulubionych szpilek na imprez\u0119, rodzinne spotkanie czy wyj\u015bcie do restauracji z przyjaci\u00f3\u0142mi.<\/p>\n<ul>\n<li>dzianina wiskoza<\/li>\n<li>zapinana na suwak kryty<\/li>\n<li>kolor granatowy<\/li>\n<li>delikatne pranie w pralce 30\u00b0 C<\/li>\n<\/ul>\n","protected":false},"excerpt":{"rendered":"<p>Minimalistyczna sukienka z szerokim do\u0142em z klin\u00f3w w odcieniu eleganckiego granatu. G\u00f3ra sukienki dopasowana z ma\u0142\u0105 st\u00f3jk\u0105. Sukienka doskonale sprawdzi si\u0119 w wersji formalnej z eleganck\u0105 marynark\u0105 jak i w&#8230;<\/p>\n","protected":false},"featured_media":1961,"comment_status":"open","ping_status":"closed","template":"","meta":[],"product_brand":[],"product_cat":[19],"product_tag":[],"class_list":{"0":"post-2059","1":"product","2":"type-product","3":"status-publish","4":"has-post-thumbnail","6":"product_cat-sukienka","8":"first","9":"outofstock","10":"shipping-taxable","11":"purchasable","12":"product-type-variable"},"_links":{"self":[{"href":"https:\/\/joannajachowicz.com\/pl\/wp-json\/wp\/v2\/product\/2059","targetHints":{"allow":["GET"]}}],"collection":[{"href":"https:\/\/joannajachowicz.com\/pl\/wp-json\/wp\/v2\/product"}],"about":[{"href":"https:\/\/joannajachowicz.com\/pl\/wp-json\/wp\/v2\/types\/product"}],"replies":[{"embeddable":true,"href":"https:\/\/joannajachowicz.com\/pl\/wp-json\/wp\/v2\/comments?post=2059"}],"wp:featuredmedia":[{"embeddable":true,"href":"https:\/\/joannajachowicz.com\/pl\/wp-json\/wp\/v2\/media\/1961"}],"wp:attachment":[{"href":"https:\/\/joannajachowicz.com\/pl\/wp-json\/wp\/v2\/media?parent=2059"}],"wp:term":[{"taxonomy":"product_brand","embeddable":true,"href":"https:\/\/joannajachowicz.com\/pl\/wp-json\/wp\/v2\/product_brand?post=2059"},{"taxonomy":"product_cat","embeddable":true,"href":"https:\/\/joannajachowicz.com\/pl\/wp-json\/wp\/v2\/product_cat?post=2059"},{"taxonomy":"product_tag","embeddable":true,"href":"https:\/\/joannajachowicz.com\/pl\/wp-json\/wp\/v2\/product_tag?post=2059"}],"curies":[{"name":"wp","href":"https:\/\/api.w.org\/{rel}","templated":true}]}}