{"id":2063,"date":"2015-11-28T15:49:27","date_gmt":"2015-11-28T14:49:27","guid":{"rendered":"http:\/\/joannajachowicz.com\/pl\/?post_type=product&#038;p=2063"},"modified":"2025-10-08T17:55:09","modified_gmt":"2025-10-08T15:55:09","slug":"tunika-marengo","status":"publish","type":"product","link":"https:\/\/joannajachowicz.com\/pl\/sklep\/sukienka\/tunika-marengo\/","title":{"rendered":"Tunika Marengo"},"content":{"rendered":"<p>Klasyczna, prosta tunika z wygodnej dzianiny, kt\u00f3ra doskonale sprawdzi si\u0119 do wielu stylizacji. Czarne wstawki wyszczupl\u0105 figur\u0119, a lu\u017any kr\u00f3j zagwarantuje poczucie komfortu w ka\u017cdej sytuacji.<\/p>\n<ul>\n<li>dzianina wiskoza<\/li>\n<li>kolor grafitowy i czarny<\/li>\n<li>r\u0119kaw 3\/4<\/li>\n<li>delikatne pranie w pralce 30\u00b0 C<\/li>\n<\/ul>\n","protected":false},"excerpt":{"rendered":"<p>Klasyczna, prosta tunika z wygodnej dzianiny, kt\u00f3ra doskonale sprawdzi si\u0119 do wielu stylizacji. Czarne wstawki wyszczupl\u0105 figur\u0119, a lu\u017any kr\u00f3j zagwarantuje poczucie komfortu w ka\u017cdej sytuacji. dzianina wiskoza kolor grafitowy&#8230;<\/p>\n","protected":false},"featured_media":1963,"comment_status":"open","ping_status":"closed","template":"","meta":[],"product_brand":[],"product_cat":[19,25],"product_tag":[],"class_list":{"0":"post-2063","1":"product","2":"type-product","3":"status-publish","4":"has-post-thumbnail","6":"product_cat-sukienka","7":"product_cat-tunika","9":"first","10":"outofstock","11":"shipping-taxable","12":"purchasable","13":"product-type-variable"},"_links":{"self":[{"href":"https:\/\/joannajachowicz.com\/pl\/wp-json\/wp\/v2\/product\/2063","targetHints":{"allow":["GET"]}}],"collection":[{"href":"https:\/\/joannajachowicz.com\/pl\/wp-json\/wp\/v2\/product"}],"about":[{"href":"https:\/\/joannajachowicz.com\/pl\/wp-json\/wp\/v2\/types\/product"}],"replies":[{"embeddable":true,"href":"https:\/\/joannajachowicz.com\/pl\/wp-json\/wp\/v2\/comments?post=2063"}],"wp:featuredmedia":[{"embeddable":true,"href":"https:\/\/joannajachowicz.com\/pl\/wp-json\/wp\/v2\/media\/1963"}],"wp:attachment":[{"href":"https:\/\/joannajachowicz.com\/pl\/wp-json\/wp\/v2\/media?parent=2063"}],"wp:term":[{"taxonomy":"product_brand","embeddable":true,"href":"https:\/\/joannajachowicz.com\/pl\/wp-json\/wp\/v2\/product_brand?post=2063"},{"taxonomy":"product_cat","embeddable":true,"href":"https:\/\/joannajachowicz.com\/pl\/wp-json\/wp\/v2\/product_cat?post=2063"},{"taxonomy":"product_tag","embeddable":true,"href":"https:\/\/joannajachowicz.com\/pl\/wp-json\/wp\/v2\/product_tag?post=2063"}],"curies":[{"name":"wp","href":"https:\/\/api.w.org\/{rel}","templated":true}]}}