{"id":2071,"date":"2015-11-28T16:09:26","date_gmt":"2015-11-28T15:09:26","guid":{"rendered":"http:\/\/joannajachowicz.com\/pl\/?post_type=product&#038;p=2071"},"modified":"2025-10-08T17:55:08","modified_gmt":"2025-10-08T15:55:08","slug":"tunika-phyrite","status":"publish","type":"product","link":"https:\/\/joannajachowicz.com\/pl\/sklep\/sukienka\/tunika-phyrite\/","title":{"rendered":"Tunika Phyrite"},"content":{"rendered":"<p>Klasyczna, grafitowa tunika stanowi\u0105ca podstaw\u0119 ka\u017cdej garderoby. Doskona\u0142a do wielu stylizacji i na wiele okazji. Gwarantuje wygod\u0119 i komfort u\u017cytkowania. Na plecach nieco g\u0142\u0119bszy, okr\u0105g\u0142y dekolt.<\/p>\n<ul>\n<li>dzianina wiskoza<\/li>\n<li>kolor grafitowy<\/li>\n<li>delikatne pranie w pralce 30\u00b0 C<\/li>\n<\/ul>\n","protected":false},"excerpt":{"rendered":"<p>Klasyczna, grafitowa tunika stanowi\u0105ca podstaw\u0119 ka\u017cdej garderoby. Doskona\u0142a do wielu stylizacji i na wiele okazji. Gwarantuje wygod\u0119 i komfort u\u017cytkowania. Na plecach nieco g\u0142\u0119bszy, okr\u0105g\u0142y dekolt. dzianina wiskoza kolor grafitowy&#8230;<\/p>\n","protected":false},"featured_media":1955,"comment_status":"open","ping_status":"closed","template":"","meta":[],"product_brand":[],"product_cat":[19,25],"product_tag":[],"class_list":{"0":"post-2071","1":"product","2":"type-product","3":"status-publish","4":"has-post-thumbnail","6":"product_cat-sukienka","7":"product_cat-tunika","9":"first","10":"outofstock","11":"shipping-taxable","12":"purchasable","13":"product-type-variable"},"_links":{"self":[{"href":"https:\/\/joannajachowicz.com\/pl\/wp-json\/wp\/v2\/product\/2071","targetHints":{"allow":["GET"]}}],"collection":[{"href":"https:\/\/joannajachowicz.com\/pl\/wp-json\/wp\/v2\/product"}],"about":[{"href":"https:\/\/joannajachowicz.com\/pl\/wp-json\/wp\/v2\/types\/product"}],"replies":[{"embeddable":true,"href":"https:\/\/joannajachowicz.com\/pl\/wp-json\/wp\/v2\/comments?post=2071"}],"wp:featuredmedia":[{"embeddable":true,"href":"https:\/\/joannajachowicz.com\/pl\/wp-json\/wp\/v2\/media\/1955"}],"wp:attachment":[{"href":"https:\/\/joannajachowicz.com\/pl\/wp-json\/wp\/v2\/media?parent=2071"}],"wp:term":[{"taxonomy":"product_brand","embeddable":true,"href":"https:\/\/joannajachowicz.com\/pl\/wp-json\/wp\/v2\/product_brand?post=2071"},{"taxonomy":"product_cat","embeddable":true,"href":"https:\/\/joannajachowicz.com\/pl\/wp-json\/wp\/v2\/product_cat?post=2071"},{"taxonomy":"product_tag","embeddable":true,"href":"https:\/\/joannajachowicz.com\/pl\/wp-json\/wp\/v2\/product_tag?post=2071"}],"curies":[{"name":"wp","href":"https:\/\/api.w.org\/{rel}","templated":true}]}}