{"id":2589,"date":"2016-07-27T11:31:22","date_gmt":"2016-07-27T09:31:22","guid":{"rendered":"http:\/\/joannajachowicz.com\/pl\/?post_type=product&#038;p=2589"},"modified":"2025-10-08T17:55:07","modified_gmt":"2025-10-08T15:55:07","slug":"spodnie-rive","status":"publish","type":"product","link":"https:\/\/joannajachowicz.com\/pl\/sklep\/spodnie\/spodnie-rive\/","title":{"rendered":"Spodnie RIVE"},"content":{"rendered":"<p class=\"p1\">Klasyczne spodnie garniturowe w kant z lekko rozszerzanymi nogawkami z przodu zapinane na suwak. Sprawdz\u0105 si\u0119 jako komplet z bluzk\u0105 lub tunik\u0105 z tej samej tkaniny, a tak\u017ce w zestawieniu z koszul\u0105 czy prostym topem. Doskona\u0142e do pracy jak i na mniej oficjalne okazje. Oryginalny niebieskozielony odcie\u0144 szaro\u015bci stworzy ciekawy zestaw z niejednym elementem garderoby. Istnieje mo\u017cliwo\u015b\u0107 realizacji indywidualnego zam\u00f3wienia na miar\u0119 lub przer\u00f3bki gotowego modelu przed wysy\u0142k\u0105 produktu.<\/p>\n<ul>\n<li>we\u0142na 65% poliamid 33% elastan 2%<\/li>\n<li>niebieskozielony odcie\u0144 szaro\u015bci<\/li>\n<li>d\u0142ugo\u015b\u0107 spodni 100 cm<\/li>\n<li>pranie chemiczne<\/li>\n<\/ul>\n","protected":false},"excerpt":{"rendered":"<p>Klasyczne spodnie garniturowe w kant z lekko rozszerzanymi nogawkami z przodu zapinane na suwak. Sprawdz\u0105 si\u0119 jako komplet z bluzk\u0105 lub tunik\u0105 z tej samej tkaniny, a tak\u017ce w zestawieniu&#8230;<\/p>\n","protected":false},"featured_media":2486,"comment_status":"open","ping_status":"closed","template":"","meta":[],"product_brand":[],"product_cat":[20],"product_tag":[],"class_list":{"0":"post-2589","1":"product","2":"type-product","3":"status-publish","4":"has-post-thumbnail","6":"product_cat-spodnie","8":"first","9":"outofstock","10":"shipping-taxable","11":"purchasable","12":"product-type-variable"},"_links":{"self":[{"href":"https:\/\/joannajachowicz.com\/pl\/wp-json\/wp\/v2\/product\/2589","targetHints":{"allow":["GET"]}}],"collection":[{"href":"https:\/\/joannajachowicz.com\/pl\/wp-json\/wp\/v2\/product"}],"about":[{"href":"https:\/\/joannajachowicz.com\/pl\/wp-json\/wp\/v2\/types\/product"}],"replies":[{"embeddable":true,"href":"https:\/\/joannajachowicz.com\/pl\/wp-json\/wp\/v2\/comments?post=2589"}],"wp:featuredmedia":[{"embeddable":true,"href":"https:\/\/joannajachowicz.com\/pl\/wp-json\/wp\/v2\/media\/2486"}],"wp:attachment":[{"href":"https:\/\/joannajachowicz.com\/pl\/wp-json\/wp\/v2\/media?parent=2589"}],"wp:term":[{"taxonomy":"product_brand","embeddable":true,"href":"https:\/\/joannajachowicz.com\/pl\/wp-json\/wp\/v2\/product_brand?post=2589"},{"taxonomy":"product_cat","embeddable":true,"href":"https:\/\/joannajachowicz.com\/pl\/wp-json\/wp\/v2\/product_cat?post=2589"},{"taxonomy":"product_tag","embeddable":true,"href":"https:\/\/joannajachowicz.com\/pl\/wp-json\/wp\/v2\/product_tag?post=2589"}],"curies":[{"name":"wp","href":"https:\/\/api.w.org\/{rel}","templated":true}]}}