{"id":2601,"date":"2016-07-27T12:24:17","date_gmt":"2016-07-27T10:24:17","guid":{"rendered":"http:\/\/joannajachowicz.com\/pl\/?post_type=product&#038;p=2601"},"modified":"2025-10-08T17:55:06","modified_gmt":"2025-10-08T15:55:06","slug":"tunika-zoya","status":"publish","type":"product","link":"https:\/\/joannajachowicz.com\/pl\/sklep\/sukienka\/tunika-zoya\/","title":{"rendered":"Tunika ZOYA"},"content":{"rendered":"<p class=\"p1\">Jedwabna tunika o lu\u017anym kroju z<span class=\"Apple-converted-space\">\u00a0 <\/span>wyci\u0119ciem w kszta\u0142cie litery V na plecach. Podkre\u015bla atuty sylwetki, ale r\u00f3wnie\u017c ukrywa drobne niedoskona\u0142o\u015bci figury. Doskonale sprawdzi si\u0119 nie tylko w zestawieniu z marynark\u0105 do pracy, lecz r\u00f3wnie\u017c na mniej formalne okazje. Jest te\u017c dobr\u0105 baz\u0105 na uroczyste wyj\u015bcia. Mi\u0119towy kolor roz\u015bwietli cer\u0119, a naturalna tkanina zapewni komfort i wygod\u0119.<\/p>\n<ul>\n<li>jedwab 100%<\/li>\n<li>podszewka 100% wiskoza<\/li>\n<li>kolor mi\u0119towy<\/li>\n<li>kieszenie w szwach bocznych<\/li>\n<li>d\u0142ugo\u015b\u0107 tuniki 90 cm<\/li>\n<li>pranie chemiczne<\/li>\n<\/ul>\n","protected":false},"excerpt":{"rendered":"<p>Jedwabna tunika o lu\u017anym kroju z\u00a0 wyci\u0119ciem w kszta\u0142cie litery V na plecach. Podkre\u015bla atuty sylwetki, ale r\u00f3wnie\u017c ukrywa drobne niedoskona\u0142o\u015bci figury. Doskonale sprawdzi si\u0119 nie tylko w zestawieniu z&#8230;<\/p>\n","protected":false},"featured_media":2482,"comment_status":"open","ping_status":"closed","template":"","meta":[],"product_brand":[],"product_cat":[19,25],"product_tag":[],"class_list":{"0":"post-2601","1":"product","2":"type-product","3":"status-publish","4":"has-post-thumbnail","6":"product_cat-sukienka","7":"product_cat-tunika","9":"first","10":"outofstock","11":"shipping-taxable","12":"purchasable","13":"product-type-variable"},"_links":{"self":[{"href":"https:\/\/joannajachowicz.com\/pl\/wp-json\/wp\/v2\/product\/2601","targetHints":{"allow":["GET"]}}],"collection":[{"href":"https:\/\/joannajachowicz.com\/pl\/wp-json\/wp\/v2\/product"}],"about":[{"href":"https:\/\/joannajachowicz.com\/pl\/wp-json\/wp\/v2\/types\/product"}],"replies":[{"embeddable":true,"href":"https:\/\/joannajachowicz.com\/pl\/wp-json\/wp\/v2\/comments?post=2601"}],"wp:featuredmedia":[{"embeddable":true,"href":"https:\/\/joannajachowicz.com\/pl\/wp-json\/wp\/v2\/media\/2482"}],"wp:attachment":[{"href":"https:\/\/joannajachowicz.com\/pl\/wp-json\/wp\/v2\/media?parent=2601"}],"wp:term":[{"taxonomy":"product_brand","embeddable":true,"href":"https:\/\/joannajachowicz.com\/pl\/wp-json\/wp\/v2\/product_brand?post=2601"},{"taxonomy":"product_cat","embeddable":true,"href":"https:\/\/joannajachowicz.com\/pl\/wp-json\/wp\/v2\/product_cat?post=2601"},{"taxonomy":"product_tag","embeddable":true,"href":"https:\/\/joannajachowicz.com\/pl\/wp-json\/wp\/v2\/product_tag?post=2601"}],"curies":[{"name":"wp","href":"https:\/\/api.w.org\/{rel}","templated":true}]}}