{"id":2612,"date":"2016-07-27T12:51:32","date_gmt":"2016-07-27T10:51:32","guid":{"rendered":"http:\/\/joannajachowicz.com\/pl\/?post_type=product&#038;p=2612"},"modified":"2025-10-08T17:54:13","modified_gmt":"2025-10-08T15:54:13","slug":"sukienka-lours","status":"publish","type":"product","link":"https:\/\/joannajachowicz.com\/pl\/sklep\/sukienka\/sukienka-lours\/","title":{"rendered":"Sukienka DOBLE"},"content":{"rendered":"<p class=\"p1\">Prosta sukienka do kolan z mi\u0119kkiej i elastycznej dzianiny. Mi\u0142o otulaj\u0105ca sylwetk\u0119 sukienka sprawdzi si\u0119 w wielu stylizacjach. Do pracy mo\u017cna nosi\u0107 j\u0105 z zabudowanym dekoltem, a na wiecz\u00f3r pi\u0119knie wyeksponuje dekolt gdy za\u0142o\u017cy si\u0119 j\u0105 odwrotnie. B\u0142yszcz\u0105cy welur popularny w latach 90 to nowy trend tego sezonu. Wyrazisty, pawie czarny welur z kropl\u0105 atramentu z pewno\u015bci\u0105 przyci\u0105gnie uwag\u0119. Istnieje mo\u017cliwo\u015b\u0107 zam\u00f3wienia sukienki na miar\u0119.<\/p>\n<ul>\n<li>nylon 95% elastan 5%<\/li>\n<li>kolor czarny z granatowym po\u0142yskiem<\/li>\n<li>d\u0142ugo\u015b\u0107 sukienki 92 cm<\/li>\n<li>delikatne pranie w pralce 30\u00b0C<\/li>\n<\/ul>\n<p>&nbsp;<\/p>\n","protected":false},"excerpt":{"rendered":"<p>Prosta sukienka do kolan z mi\u0119kkiej i elastycznej dzianiny. Mi\u0142o otulaj\u0105ca sylwetk\u0119 sukienka sprawdzi si\u0119 w wielu stylizacjach. Do pracy mo\u017cna nosi\u0107 j\u0105 z zabudowanym dekoltem, a na wiecz\u00f3r pi\u0119knie&#8230;<\/p>\n","protected":false},"featured_media":2462,"comment_status":"open","ping_status":"closed","template":"","meta":[],"product_brand":[],"product_cat":[19,25],"product_tag":[],"class_list":{"0":"post-2612","1":"product","2":"type-product","3":"status-publish","4":"has-post-thumbnail","6":"product_cat-sukienka","7":"product_cat-tunika","9":"first","10":"outofstock","11":"shipping-taxable","12":"purchasable","13":"product-type-variable"},"_links":{"self":[{"href":"https:\/\/joannajachowicz.com\/pl\/wp-json\/wp\/v2\/product\/2612","targetHints":{"allow":["GET"]}}],"collection":[{"href":"https:\/\/joannajachowicz.com\/pl\/wp-json\/wp\/v2\/product"}],"about":[{"href":"https:\/\/joannajachowicz.com\/pl\/wp-json\/wp\/v2\/types\/product"}],"replies":[{"embeddable":true,"href":"https:\/\/joannajachowicz.com\/pl\/wp-json\/wp\/v2\/comments?post=2612"}],"wp:featuredmedia":[{"embeddable":true,"href":"https:\/\/joannajachowicz.com\/pl\/wp-json\/wp\/v2\/media\/2462"}],"wp:attachment":[{"href":"https:\/\/joannajachowicz.com\/pl\/wp-json\/wp\/v2\/media?parent=2612"}],"wp:term":[{"taxonomy":"product_brand","embeddable":true,"href":"https:\/\/joannajachowicz.com\/pl\/wp-json\/wp\/v2\/product_brand?post=2612"},{"taxonomy":"product_cat","embeddable":true,"href":"https:\/\/joannajachowicz.com\/pl\/wp-json\/wp\/v2\/product_cat?post=2612"},{"taxonomy":"product_tag","embeddable":true,"href":"https:\/\/joannajachowicz.com\/pl\/wp-json\/wp\/v2\/product_tag?post=2612"}],"curies":[{"name":"wp","href":"https:\/\/api.w.org\/{rel}","templated":true}]}}