{"id":2623,"date":"2016-07-27T13:42:42","date_gmt":"2016-07-27T11:42:42","guid":{"rendered":"http:\/\/joannajachowicz.com\/pl\/?post_type=product&#038;p=2623"},"modified":"2025-10-08T17:54:13","modified_gmt":"2025-10-08T15:54:13","slug":"marynarka-lume","status":"publish","type":"product","link":"https:\/\/joannajachowicz.com\/pl\/sklep\/kurtka\/marynarka-lume\/","title":{"rendered":"Marynarka LUME"},"content":{"rendered":"<p>Klasyczna, dwurz\u0119dowa marynarka w z szaro mi\u0119towej we\u0142ny. Du\u017cy ko\u0142nierz nadaje jej oryginalnego charakteru, a kontrastowe guziki podkre\u015blaj\u0105 wyj\u0105tkowy kolor tkaniny. D\u0142uga marynarka doskonale prezentuje si\u0119 z lu\u017an\u0105 sukienk\u0105 z golfem, ale sprawdzi si\u0119 r\u00f3wnie\u017c do stylizacji ze spodniami. \u015awietnie nada si\u0119 jako lekkie okrycie wierzchnie w porze przej\u015bciowej. Sprawdzi si\u0119 jako element stylizacji do pracy, a tak\u017ce do bardziej casualowych zestaw\u00f3w. Istnieje mo\u017cliwo\u015b\u0107 indywidualnego uszycia na miar\u0119 oraz realizacji modelu w innych wersjach kolorystycznych.<\/p>\n<ul>\n<li>we\u0142na 100%<\/li>\n<li>mi\u0119towa podszewka 100% wiskoza<\/li>\n<li>kolor szaro mi\u0119towy<\/li>\n<li>kieszenie w szwach bocznych<\/li>\n<li>d\u0142ugo\u015b\u0107 80 cm<\/li>\n<li>pranie chemiczne<\/li>\n<\/ul>\n","protected":false},"excerpt":{"rendered":"<p>Klasyczna, dwurz\u0119dowa marynarka w z szaro mi\u0119towej we\u0142ny. Du\u017cy ko\u0142nierz nadaje jej oryginalnego charakteru, a kontrastowe guziki podkre\u015blaj\u0105 wyj\u0105tkowy kolor tkaniny. D\u0142uga marynarka doskonale prezentuje si\u0119 z lu\u017an\u0105 sukienk\u0105 z&#8230;<\/p>\n","protected":false},"featured_media":2512,"comment_status":"open","ping_status":"closed","template":"","meta":[],"product_brand":[],"product_cat":[93,23],"product_tag":[],"class_list":{"0":"post-2623","1":"product","2":"type-product","3":"status-publish","4":"has-post-thumbnail","6":"product_cat-kurtka","7":"product_cat-marynarka","9":"first","10":"outofstock","11":"shipping-taxable","12":"purchasable","13":"product-type-variable"},"_links":{"self":[{"href":"https:\/\/joannajachowicz.com\/pl\/wp-json\/wp\/v2\/product\/2623","targetHints":{"allow":["GET"]}}],"collection":[{"href":"https:\/\/joannajachowicz.com\/pl\/wp-json\/wp\/v2\/product"}],"about":[{"href":"https:\/\/joannajachowicz.com\/pl\/wp-json\/wp\/v2\/types\/product"}],"replies":[{"embeddable":true,"href":"https:\/\/joannajachowicz.com\/pl\/wp-json\/wp\/v2\/comments?post=2623"}],"wp:featuredmedia":[{"embeddable":true,"href":"https:\/\/joannajachowicz.com\/pl\/wp-json\/wp\/v2\/media\/2512"}],"wp:attachment":[{"href":"https:\/\/joannajachowicz.com\/pl\/wp-json\/wp\/v2\/media?parent=2623"}],"wp:term":[{"taxonomy":"product_brand","embeddable":true,"href":"https:\/\/joannajachowicz.com\/pl\/wp-json\/wp\/v2\/product_brand?post=2623"},{"taxonomy":"product_cat","embeddable":true,"href":"https:\/\/joannajachowicz.com\/pl\/wp-json\/wp\/v2\/product_cat?post=2623"},{"taxonomy":"product_tag","embeddable":true,"href":"https:\/\/joannajachowicz.com\/pl\/wp-json\/wp\/v2\/product_tag?post=2623"}],"curies":[{"name":"wp","href":"https:\/\/api.w.org\/{rel}","templated":true}]}}