{"id":2648,"date":"2016-07-27T14:53:18","date_gmt":"2016-07-27T12:53:18","guid":{"rendered":"http:\/\/joannajachowicz.com\/pl\/?post_type=product&#038;p=2648"},"modified":"2025-10-08T17:54:13","modified_gmt":"2025-10-08T15:54:13","slug":"kamizelka-loppe","status":"publish","type":"product","link":"https:\/\/joannajachowicz.com\/pl\/sklep\/kamizelka\/kamizelka-loppe\/","title":{"rendered":"Kamizelka LOPPE"},"content":{"rendered":"<p>Klasyczna kamizelka ze szlachetnej, czarnej we\u0142ny jagni\u0119cej o diagonalnym splocie. Wysokiej jako\u015bci tkanina z domieszk\u0105 kaszmiru oraz poliestru sprawia, \u017ce kamizelka jest lekka, mi\u0119kka i przyjemna w dotyku, a dodatkowo wygodna w u\u017cytkowaniu gdy\u017c nie pojawiaj\u0105 si\u0119 na niej zagniecenia. Boczny pasek pozwalaj\u0105cy na zapi\u0119cie kamizelki przy pomocy klamry sprawi, \u017ce mo\u017ce ona pe\u0142ni\u0107 r\u00f3wnie\u017c funkcj\u0119 sukienki. Istnieje mo\u017cliwo\u015b\u0107 realizacji zam\u00f3wienia na miar\u0119.<\/p>\n<ul>\n<li>we\u0142na jagni\u0119ca 65% kaszmir 10% poliester 25%<\/li>\n<li>podszewka 100% wiskoza<\/li>\n<li>kolor czarny<\/li>\n<li>kieszenie w szwach bocznych<\/li>\n<li>d\u0142ugo\u015b\u0107 kamizelki 108 cm<\/li>\n<li>pranie chemiczne<\/li>\n<\/ul>\n<p>&nbsp;<\/p>\n","protected":false},"excerpt":{"rendered":"<p>Klasyczna kamizelka ze szlachetnej, czarnej we\u0142ny jagni\u0119cej o diagonalnym splocie. Wysokiej jako\u015bci tkanina z domieszk\u0105 kaszmiru oraz poliestru sprawia, \u017ce kamizelka jest lekka, mi\u0119kka i przyjemna w dotyku, a dodatkowo&#8230;<\/p>\n","protected":false},"featured_media":2498,"comment_status":"open","ping_status":"closed","template":"","meta":[],"product_brand":[],"product_cat":[24],"product_tag":[],"class_list":{"0":"post-2648","1":"product","2":"type-product","3":"status-publish","4":"has-post-thumbnail","6":"product_cat-kamizelka","8":"first","9":"outofstock","10":"shipping-taxable","11":"purchasable","12":"product-type-variable"},"_links":{"self":[{"href":"https:\/\/joannajachowicz.com\/pl\/wp-json\/wp\/v2\/product\/2648","targetHints":{"allow":["GET"]}}],"collection":[{"href":"https:\/\/joannajachowicz.com\/pl\/wp-json\/wp\/v2\/product"}],"about":[{"href":"https:\/\/joannajachowicz.com\/pl\/wp-json\/wp\/v2\/types\/product"}],"replies":[{"embeddable":true,"href":"https:\/\/joannajachowicz.com\/pl\/wp-json\/wp\/v2\/comments?post=2648"}],"wp:featuredmedia":[{"embeddable":true,"href":"https:\/\/joannajachowicz.com\/pl\/wp-json\/wp\/v2\/media\/2498"}],"wp:attachment":[{"href":"https:\/\/joannajachowicz.com\/pl\/wp-json\/wp\/v2\/media?parent=2648"}],"wp:term":[{"taxonomy":"product_brand","embeddable":true,"href":"https:\/\/joannajachowicz.com\/pl\/wp-json\/wp\/v2\/product_brand?post=2648"},{"taxonomy":"product_cat","embeddable":true,"href":"https:\/\/joannajachowicz.com\/pl\/wp-json\/wp\/v2\/product_cat?post=2648"},{"taxonomy":"product_tag","embeddable":true,"href":"https:\/\/joannajachowicz.com\/pl\/wp-json\/wp\/v2\/product_tag?post=2648"}],"curies":[{"name":"wp","href":"https:\/\/api.w.org\/{rel}","templated":true}]}}