{"id":2661,"date":"2016-07-27T15:21:44","date_gmt":"2016-07-27T13:21:44","guid":{"rendered":"http:\/\/joannajachowicz.com\/pl\/?post_type=product&#038;p=2661"},"modified":"2025-10-08T17:54:12","modified_gmt":"2025-10-08T15:54:12","slug":"spodnica-cotte","status":"publish","type":"product","link":"https:\/\/joannajachowicz.com\/pl\/sklep\/spodnica\/spodnica-cotte\/","title":{"rendered":"sp\u00f3dnica COTTE"},"content":{"rendered":"<p>Asymetryczna mini o trapezowym kroju. Sp\u00f3dnica o podwy\u017cszonym stanie wykonana z laminowanej tkaniny bawe\u0142nianej wyd\u0142u\u017cy i wyeksponuje nogi. Doskona\u0142a na nieformalne spotkania z przyjaci\u00f3\u0142mi, randk\u0119 czy imprez\u0119. \u015awietnie komponuje si\u0119 z d\u0142ug\u0105, we\u0142nian\u0105 kamizelk\u0105 Loppe lub Nitte. Doda charakteru niejednej stylizacji. Istnieje mo\u017cliwo\u015b\u0107 realizacji projektu na miar\u0119, w innym kolorze i z innej tkaniny.<\/p>\n<ul>\n<li>70% bawe\u0142na 30% poliuretan<\/li>\n<li>kolor ciemnogranatowy<\/li>\n<li>suwak kryty w szwie bocznym<\/li>\n<li>kr\u00f3j trapezowy<\/li>\n<li>d\u0142ugo\u015b\u0107 45 cm<\/li>\n<li>delikatne pranie 30\u00b0C<\/li>\n<\/ul>\n<p>&nbsp;<\/p>\n","protected":false},"excerpt":{"rendered":"<p>Asymetryczna mini o trapezowym kroju. Sp\u00f3dnica o podwy\u017cszonym stanie wykonana z laminowanej tkaniny bawe\u0142nianej wyd\u0142u\u017cy i wyeksponuje nogi. Doskona\u0142a na nieformalne spotkania z przyjaci\u00f3\u0142mi, randk\u0119 czy imprez\u0119. \u015awietnie komponuje si\u0119&#8230;<\/p>\n","protected":false},"featured_media":2468,"comment_status":"open","ping_status":"closed","template":"","meta":[],"product_brand":[],"product_cat":[22],"product_tag":[],"class_list":{"0":"post-2661","1":"product","2":"type-product","3":"status-publish","4":"has-post-thumbnail","6":"product_cat-spodnica","8":"first","9":"outofstock","10":"shipping-taxable","11":"purchasable","12":"product-type-variable"},"_links":{"self":[{"href":"https:\/\/joannajachowicz.com\/pl\/wp-json\/wp\/v2\/product\/2661","targetHints":{"allow":["GET"]}}],"collection":[{"href":"https:\/\/joannajachowicz.com\/pl\/wp-json\/wp\/v2\/product"}],"about":[{"href":"https:\/\/joannajachowicz.com\/pl\/wp-json\/wp\/v2\/types\/product"}],"replies":[{"embeddable":true,"href":"https:\/\/joannajachowicz.com\/pl\/wp-json\/wp\/v2\/comments?post=2661"}],"wp:featuredmedia":[{"embeddable":true,"href":"https:\/\/joannajachowicz.com\/pl\/wp-json\/wp\/v2\/media\/2468"}],"wp:attachment":[{"href":"https:\/\/joannajachowicz.com\/pl\/wp-json\/wp\/v2\/media?parent=2661"}],"wp:term":[{"taxonomy":"product_brand","embeddable":true,"href":"https:\/\/joannajachowicz.com\/pl\/wp-json\/wp\/v2\/product_brand?post=2661"},{"taxonomy":"product_cat","embeddable":true,"href":"https:\/\/joannajachowicz.com\/pl\/wp-json\/wp\/v2\/product_cat?post=2661"},{"taxonomy":"product_tag","embeddable":true,"href":"https:\/\/joannajachowicz.com\/pl\/wp-json\/wp\/v2\/product_tag?post=2661"}],"curies":[{"name":"wp","href":"https:\/\/api.w.org\/{rel}","templated":true}]}}