{"id":2676,"date":"2016-07-27T17:17:39","date_gmt":"2016-07-27T15:17:39","guid":{"rendered":"http:\/\/joannajachowicz.com\/pl\/?post_type=product&#038;p=2676"},"modified":"2025-10-08T17:54:12","modified_gmt":"2025-10-08T15:54:12","slug":"tunika-leah","status":"publish","type":"product","link":"https:\/\/joannajachowicz.com\/pl\/sklep\/sukienka\/tunika-leah\/","title":{"rendered":"Tunika LEAH"},"content":{"rendered":"<p class=\"p1\">Prosta tunika o lu\u017anym kroju z<span class=\"Apple-converted-space\">\u00a0 <\/span>wyci\u0119ciem w kszta\u0142cie litery V na plecach. Podkre\u015bla kobiece atuty, ale r\u00f3wnie\u017c ukryje drobne niedoskona\u0142o\u015bci figury. Sprawdzi zar\u00f3wno z klasyczn\u0105 marynark\u0105 do pracy lub w mniej formalnej stylizacji na co dzie\u0144. Tworzy te\u017c ciekawy zestaw ze spodniami w kant z tego samego materia\u0142u.\u00a0Oryginalny niebieskozielony odcie\u0144 szaro\u015bci stworzy ciekawy zestaw z niejednym elementem garderoby. Istnieje mo\u017cliwo\u015b\u0107 realizacji zam\u00f3wienia na miar\u0119 lub przer\u00f3bki gotowego modelu przed wysy\u0142k\u0105 produktu.<\/p>\n<ul>\n<li>we\u0142na 65% poliamid 33% elastan 2%<\/li>\n<li>niebieskozielony odcie\u0144 szaro\u015bci<\/li>\n<li>d\u0142ugo\u015b\u0107 tuniki 90 cm<\/li>\n<li>pranie chemiczne<\/li>\n<\/ul>\n","protected":false},"excerpt":{"rendered":"<p>Prosta tunika o lu\u017anym kroju z\u00a0 wyci\u0119ciem w kszta\u0142cie litery V na plecach. Podkre\u015bla kobiece atuty, ale r\u00f3wnie\u017c ukryje drobne niedoskona\u0142o\u015bci figury. Sprawdzi zar\u00f3wno z klasyczn\u0105 marynark\u0105 do pracy lub&#8230;<\/p>\n","protected":false},"featured_media":2478,"comment_status":"open","ping_status":"closed","template":"","meta":[],"product_brand":[],"product_cat":[19,25],"product_tag":[],"class_list":{"0":"post-2676","1":"product","2":"type-product","3":"status-publish","4":"has-post-thumbnail","6":"product_cat-sukienka","7":"product_cat-tunika","9":"first","10":"outofstock","11":"shipping-taxable","12":"purchasable","13":"product-type-variable"},"_links":{"self":[{"href":"https:\/\/joannajachowicz.com\/pl\/wp-json\/wp\/v2\/product\/2676","targetHints":{"allow":["GET"]}}],"collection":[{"href":"https:\/\/joannajachowicz.com\/pl\/wp-json\/wp\/v2\/product"}],"about":[{"href":"https:\/\/joannajachowicz.com\/pl\/wp-json\/wp\/v2\/types\/product"}],"replies":[{"embeddable":true,"href":"https:\/\/joannajachowicz.com\/pl\/wp-json\/wp\/v2\/comments?post=2676"}],"wp:featuredmedia":[{"embeddable":true,"href":"https:\/\/joannajachowicz.com\/pl\/wp-json\/wp\/v2\/media\/2478"}],"wp:attachment":[{"href":"https:\/\/joannajachowicz.com\/pl\/wp-json\/wp\/v2\/media?parent=2676"}],"wp:term":[{"taxonomy":"product_brand","embeddable":true,"href":"https:\/\/joannajachowicz.com\/pl\/wp-json\/wp\/v2\/product_brand?post=2676"},{"taxonomy":"product_cat","embeddable":true,"href":"https:\/\/joannajachowicz.com\/pl\/wp-json\/wp\/v2\/product_cat?post=2676"},{"taxonomy":"product_tag","embeddable":true,"href":"https:\/\/joannajachowicz.com\/pl\/wp-json\/wp\/v2\/product_tag?post=2676"}],"curies":[{"name":"wp","href":"https:\/\/api.w.org\/{rel}","templated":true}]}}