{"id":2698,"date":"2016-07-27T19:37:39","date_gmt":"2016-07-27T17:37:39","guid":{"rendered":"http:\/\/joannajachowicz.com\/pl\/?post_type=product&#038;p=2698"},"modified":"2025-10-08T17:54:11","modified_gmt":"2025-10-08T15:54:11","slug":"sukienka-soleil","status":"publish","type":"product","link":"https:\/\/joannajachowicz.com\/pl\/sklep\/sukienka\/sukienka-soleil\/","title":{"rendered":"Sukienka SOLEIL"},"content":{"rendered":"<p>D\u0142uga, wygodna, oversize&#8217;owa sukienka z dzianiny cupro przypominaj\u0105cej jedwab. Materia\u0142 jest wytrzyma\u0142y i przyjemny w dotyku oraz przepuszcza powietrze, co sprawi, \u017ce b\u0119dziesz czu\u0142a si\u0119 w niej niezwykle komfortowo.<\/p>\n<ul>\n<li>dzianina cupro<\/li>\n<li>kolor czarny po\u0142yskuj\u0105cy<\/li>\n<li>delikatne pranie w pralce<\/li>\n<\/ul>\n","protected":false},"excerpt":{"rendered":"<p>D\u0142uga, wygodna, oversize&#8217;owa sukienka z dzianiny cupro przypominaj\u0105cej jedwab. Materia\u0142 jest wytrzyma\u0142y i przyjemny w dotyku oraz przepuszcza powietrze, co sprawi, \u017ce b\u0119dziesz czu\u0142a si\u0119 w niej niezwykle komfortowo. dzianina&#8230;<\/p>\n","protected":false},"featured_media":2484,"comment_status":"open","ping_status":"closed","template":"","meta":[],"product_brand":[],"product_cat":[19,25],"product_tag":[],"class_list":{"0":"post-2698","1":"product","2":"type-product","3":"status-publish","4":"has-post-thumbnail","6":"product_cat-sukienka","7":"product_cat-tunika","9":"first","10":"outofstock","11":"shipping-taxable","12":"purchasable","13":"product-type-variable"},"_links":{"self":[{"href":"https:\/\/joannajachowicz.com\/pl\/wp-json\/wp\/v2\/product\/2698","targetHints":{"allow":["GET"]}}],"collection":[{"href":"https:\/\/joannajachowicz.com\/pl\/wp-json\/wp\/v2\/product"}],"about":[{"href":"https:\/\/joannajachowicz.com\/pl\/wp-json\/wp\/v2\/types\/product"}],"replies":[{"embeddable":true,"href":"https:\/\/joannajachowicz.com\/pl\/wp-json\/wp\/v2\/comments?post=2698"}],"wp:featuredmedia":[{"embeddable":true,"href":"https:\/\/joannajachowicz.com\/pl\/wp-json\/wp\/v2\/media\/2484"}],"wp:attachment":[{"href":"https:\/\/joannajachowicz.com\/pl\/wp-json\/wp\/v2\/media?parent=2698"}],"wp:term":[{"taxonomy":"product_brand","embeddable":true,"href":"https:\/\/joannajachowicz.com\/pl\/wp-json\/wp\/v2\/product_brand?post=2698"},{"taxonomy":"product_cat","embeddable":true,"href":"https:\/\/joannajachowicz.com\/pl\/wp-json\/wp\/v2\/product_cat?post=2698"},{"taxonomy":"product_tag","embeddable":true,"href":"https:\/\/joannajachowicz.com\/pl\/wp-json\/wp\/v2\/product_tag?post=2698"}],"curies":[{"name":"wp","href":"https:\/\/api.w.org\/{rel}","templated":true}]}}