{"id":2717,"date":"2016-07-27T21:39:56","date_gmt":"2016-07-27T19:39:56","guid":{"rendered":"http:\/\/joannajachowicz.com\/pl\/?post_type=product&#038;p=2717"},"modified":"2025-10-08T17:54:11","modified_gmt":"2025-10-08T15:54:11","slug":"bomber-velve","status":"publish","type":"product","link":"https:\/\/joannajachowicz.com\/pl\/sklep\/bluza\/bomber-velve\/","title":{"rendered":"Bomber VELVE"},"content":{"rendered":"<p>Klasyczna kurtka bomberka z\u00a0kieszeniami w wersji maxi. Kurtk\u0119 uszyto z\u00a0charakterystycznej, po\u0142yskuj\u0105cej tkaniny, kt\u00f3ra nadaje sportowej bluzie elegancki charakter. Ca\u0142o\u015b\u0107 wykonana z ciemnego weluru, zapinana na metalowy zamek. Doskonale prezentuje si\u0119 w zestawieniu z welurowymi sukienkami jako total look. Sprawdzi si\u0119 r\u00f3wnie\u017c do wieczorowej sukienki, ale r\u00f3wnie\u017c do prostych spodni i zwyk\u0142ego T-shirtu na co dzie\u0144.<\/p>\n<ul>\n<li>nylon 95% elastan 5%<\/li>\n<li>kolor czarny z granatowym po\u0142yskiem<\/li>\n<li>d\u0142ugo\u015b\u0107 bomberki 80 cm plus \u015bci\u0105gacz 4 cm<\/li>\n<li>delikatne pranie w pralce 30\u00b0C<\/li>\n<\/ul>\n","protected":false},"excerpt":{"rendered":"<p>Klasyczna kurtka bomberka z\u00a0kieszeniami w wersji maxi. Kurtk\u0119 uszyto z\u00a0charakterystycznej, po\u0142yskuj\u0105cej tkaniny, kt\u00f3ra nadaje sportowej bluzie elegancki charakter. Ca\u0142o\u015b\u0107 wykonana z ciemnego weluru, zapinana na metalowy zamek. Doskonale prezentuje si\u0119&#8230;<\/p>\n","protected":false},"featured_media":2496,"comment_status":"open","ping_status":"closed","template":"","meta":[],"product_brand":[],"product_cat":[91,93],"product_tag":[],"class_list":{"0":"post-2717","1":"product","2":"type-product","3":"status-publish","4":"has-post-thumbnail","6":"product_cat-bluza","7":"product_cat-kurtka","9":"first","10":"outofstock","11":"shipping-taxable","12":"purchasable","13":"product-type-variable"},"_links":{"self":[{"href":"https:\/\/joannajachowicz.com\/pl\/wp-json\/wp\/v2\/product\/2717","targetHints":{"allow":["GET"]}}],"collection":[{"href":"https:\/\/joannajachowicz.com\/pl\/wp-json\/wp\/v2\/product"}],"about":[{"href":"https:\/\/joannajachowicz.com\/pl\/wp-json\/wp\/v2\/types\/product"}],"replies":[{"embeddable":true,"href":"https:\/\/joannajachowicz.com\/pl\/wp-json\/wp\/v2\/comments?post=2717"}],"wp:featuredmedia":[{"embeddable":true,"href":"https:\/\/joannajachowicz.com\/pl\/wp-json\/wp\/v2\/media\/2496"}],"wp:attachment":[{"href":"https:\/\/joannajachowicz.com\/pl\/wp-json\/wp\/v2\/media?parent=2717"}],"wp:term":[{"taxonomy":"product_brand","embeddable":true,"href":"https:\/\/joannajachowicz.com\/pl\/wp-json\/wp\/v2\/product_brand?post=2717"},{"taxonomy":"product_cat","embeddable":true,"href":"https:\/\/joannajachowicz.com\/pl\/wp-json\/wp\/v2\/product_cat?post=2717"},{"taxonomy":"product_tag","embeddable":true,"href":"https:\/\/joannajachowicz.com\/pl\/wp-json\/wp\/v2\/product_tag?post=2717"}],"curies":[{"name":"wp","href":"https:\/\/api.w.org\/{rel}","templated":true}]}}