{"id":2736,"date":"2016-07-27T22:26:01","date_gmt":"2016-07-27T20:26:01","guid":{"rendered":"http:\/\/joannajachowicz.com\/pl\/?post_type=product&#038;p=2736"},"modified":"2025-10-08T17:54:10","modified_gmt":"2025-10-08T15:54:10","slug":"kamizelka-pepe","status":"publish","type":"product","link":"https:\/\/joannajachowicz.com\/pl\/sklep\/kamizelka\/kamizelka-pepe\/","title":{"rendered":"Kamizelka PEPE"},"content":{"rendered":"<p>Klasyczna kamizelka z oryginalnej, lekko po\u0142yskuj\u0105cej tkaniny. Wysokiej jako\u015bci tkanina sprawia, \u017ce kamizelka jest mi\u0119kka i przyjemna w dotyku i wygodna w u\u017cytkowaniu. Taliowany kr\u00f3j podkre\u015bla sylwetk\u0119. W ci\u0119ciach z przodu kamizelki ukryto funkcjonalne kieszenie zapinane na suwaki. Istnieje mo\u017cliwo\u015b\u0107 realizacji zam\u00f3wienia na miar\u0119.<\/p>\n<ul>\n<li>podszewka 100% wiskoza<\/li>\n<li>kolor czarny melan\u017c<\/li>\n<li>kieszenie na suwak kryty<\/li>\n<li>d\u0142ugo\u015b\u0107 kamizelki 95 cm<\/li>\n<li>pranie chemiczne<\/li>\n<\/ul>\n<p>&nbsp;<\/p>\n","protected":false},"excerpt":{"rendered":"<p>Klasyczna kamizelka z oryginalnej, lekko po\u0142yskuj\u0105cej tkaniny. Wysokiej jako\u015bci tkanina sprawia, \u017ce kamizelka jest mi\u0119kka i przyjemna w dotyku i wygodna w u\u017cytkowaniu. Taliowany kr\u00f3j podkre\u015bla sylwetk\u0119. W ci\u0119ciach z&#8230;<\/p>\n","protected":false},"featured_media":2506,"comment_status":"open","ping_status":"closed","template":"","meta":[],"product_brand":[],"product_cat":[24],"product_tag":[],"class_list":{"0":"post-2736","1":"product","2":"type-product","3":"status-publish","4":"has-post-thumbnail","6":"product_cat-kamizelka","8":"first","9":"outofstock","10":"shipping-taxable","11":"purchasable","12":"product-type-variable"},"_links":{"self":[{"href":"https:\/\/joannajachowicz.com\/pl\/wp-json\/wp\/v2\/product\/2736","targetHints":{"allow":["GET"]}}],"collection":[{"href":"https:\/\/joannajachowicz.com\/pl\/wp-json\/wp\/v2\/product"}],"about":[{"href":"https:\/\/joannajachowicz.com\/pl\/wp-json\/wp\/v2\/types\/product"}],"replies":[{"embeddable":true,"href":"https:\/\/joannajachowicz.com\/pl\/wp-json\/wp\/v2\/comments?post=2736"}],"wp:featuredmedia":[{"embeddable":true,"href":"https:\/\/joannajachowicz.com\/pl\/wp-json\/wp\/v2\/media\/2506"}],"wp:attachment":[{"href":"https:\/\/joannajachowicz.com\/pl\/wp-json\/wp\/v2\/media?parent=2736"}],"wp:term":[{"taxonomy":"product_brand","embeddable":true,"href":"https:\/\/joannajachowicz.com\/pl\/wp-json\/wp\/v2\/product_brand?post=2736"},{"taxonomy":"product_cat","embeddable":true,"href":"https:\/\/joannajachowicz.com\/pl\/wp-json\/wp\/v2\/product_cat?post=2736"},{"taxonomy":"product_tag","embeddable":true,"href":"https:\/\/joannajachowicz.com\/pl\/wp-json\/wp\/v2\/product_tag?post=2736"}],"curies":[{"name":"wp","href":"https:\/\/api.w.org\/{rel}","templated":true}]}}