{"id":480,"date":"2015-04-17T19:36:41","date_gmt":"2015-04-17T17:36:41","guid":{"rendered":"http:\/\/joannajachowicz.com\/?post_type=product&#038;p=480"},"modified":"2025-10-08T17:55:50","modified_gmt":"2025-10-08T15:55:50","slug":"spodnie-acite","status":"publish","type":"product","link":"https:\/\/joannajachowicz.com\/pl\/sklep\/spodnie\/spodnie-acite\/","title":{"rendered":"Spodnie ACITE"},"content":{"rendered":"<p>Pi\u0119kne, proste spodnie zosta\u0142y zaprojektowane z my\u015bl\u0105 o wygodzie. Bardzo praktyczne na co dzie\u0144, eleganckie. Wspania\u0142e z koszul\u0105 do pracy, a na wiecz\u00f3r z ciemn\u0105, lu\u017an\u0105 bluzk\u0105. Wygodne kieszenie w szwach przednich. We\u0142na, nogawki 7\/8, zapi\u0119cie na suwak z boku.<\/p>\n<p>&#8211; pranie chemiczne<\/p>\n<p>&#8211; prasowanie w niskiej temperaturze<\/p>\n<p>&#8211;\u00a0we\u0142na: 100%<\/p>\n","protected":false},"excerpt":{"rendered":"<p>Pi\u0119kne, proste spodnie zosta\u0142y zaprojektowane z my\u015bl\u0105 o wygodzie. Bardzo praktyczne na co dzie\u0144, eleganckie. Wspania\u0142e z koszul\u0105 do pracy, a na wiecz\u00f3r z ciemn\u0105, lu\u017an\u0105 bluzk\u0105. Wygodne kieszenie w&#8230;<\/p>\n","protected":false},"featured_media":2162,"comment_status":"open","ping_status":"closed","template":"","meta":[],"product_brand":[],"product_cat":[20],"product_tag":[],"class_list":{"0":"post-480","1":"product","2":"type-product","3":"status-publish","4":"has-post-thumbnail","6":"product_cat-spodnie","8":"first","9":"outofstock","10":"sale","11":"shipping-taxable","12":"purchasable","13":"product-type-variable"},"_links":{"self":[{"href":"https:\/\/joannajachowicz.com\/pl\/wp-json\/wp\/v2\/product\/480","targetHints":{"allow":["GET"]}}],"collection":[{"href":"https:\/\/joannajachowicz.com\/pl\/wp-json\/wp\/v2\/product"}],"about":[{"href":"https:\/\/joannajachowicz.com\/pl\/wp-json\/wp\/v2\/types\/product"}],"replies":[{"embeddable":true,"href":"https:\/\/joannajachowicz.com\/pl\/wp-json\/wp\/v2\/comments?post=480"}],"wp:featuredmedia":[{"embeddable":true,"href":"https:\/\/joannajachowicz.com\/pl\/wp-json\/wp\/v2\/media\/2162"}],"wp:attachment":[{"href":"https:\/\/joannajachowicz.com\/pl\/wp-json\/wp\/v2\/media?parent=480"}],"wp:term":[{"taxonomy":"product_brand","embeddable":true,"href":"https:\/\/joannajachowicz.com\/pl\/wp-json\/wp\/v2\/product_brand?post=480"},{"taxonomy":"product_cat","embeddable":true,"href":"https:\/\/joannajachowicz.com\/pl\/wp-json\/wp\/v2\/product_cat?post=480"},{"taxonomy":"product_tag","embeddable":true,"href":"https:\/\/joannajachowicz.com\/pl\/wp-json\/wp\/v2\/product_tag?post=480"}],"curies":[{"name":"wp","href":"https:\/\/api.w.org\/{rel}","templated":true}]}}