{"id":540,"date":"2015-04-21T18:21:24","date_gmt":"2015-04-21T16:21:24","guid":{"rendered":"http:\/\/joannajachowicz.com\/?post_type=product&#038;p=540"},"modified":"2025-10-08T17:55:49","modified_gmt":"2025-10-08T15:55:49","slug":"tunika-ness","status":"publish","type":"product","link":"https:\/\/joannajachowicz.com\/pl\/sklep\/tunika\/tunika-ness\/","title":{"rendered":"Tunika NESS"},"content":{"rendered":"<p>Bardzo modna tunika typu oversize &#8211; sprawdzi si\u0119 w stylizacjach na ka\u017cdy dzie\u0144. Wysokiej jako\u015bci dzianina jest materia\u0142em niezast\u0105pionym w garderobie ka\u017cdej kobiety. Propozycja na jesienny, ch\u0142odny dzie\u0144 do pracy czy na wyj\u015bcie ze znajomymi. Wyci\u0119cie na plecach. Dekolt w \u0142\u00f3dk\u0119, d\u0142ugie r\u0119kawy, wygodne kieszenie boczne.<\/p>\n<p>&#8211; pranie w pralce w 30\u00b0 C<\/p>\n<p>&#8211;\u00a0poliester: 71%, elastan: 29%<\/p>\n","protected":false},"excerpt":{"rendered":"<p>Bardzo modna tunika typu oversize &#8211; sprawdzi si\u0119 w stylizacjach na ka\u017cdy dzie\u0144. Wysokiej jako\u015bci dzianina jest materia\u0142em niezast\u0105pionym w garderobie ka\u017cdej kobiety. Propozycja na jesienny, ch\u0142odny dzie\u0144 do pracy&#8230;<\/p>\n","protected":false},"featured_media":2168,"comment_status":"open","ping_status":"closed","template":"","meta":[],"product_brand":[],"product_cat":[25],"product_tag":[],"class_list":{"0":"post-540","1":"product","2":"type-product","3":"status-publish","4":"has-post-thumbnail","6":"product_cat-tunika","8":"first","9":"outofstock","10":"sale","11":"shipping-taxable","12":"purchasable","13":"product-type-variable"},"_links":{"self":[{"href":"https:\/\/joannajachowicz.com\/pl\/wp-json\/wp\/v2\/product\/540","targetHints":{"allow":["GET"]}}],"collection":[{"href":"https:\/\/joannajachowicz.com\/pl\/wp-json\/wp\/v2\/product"}],"about":[{"href":"https:\/\/joannajachowicz.com\/pl\/wp-json\/wp\/v2\/types\/product"}],"replies":[{"embeddable":true,"href":"https:\/\/joannajachowicz.com\/pl\/wp-json\/wp\/v2\/comments?post=540"}],"wp:featuredmedia":[{"embeddable":true,"href":"https:\/\/joannajachowicz.com\/pl\/wp-json\/wp\/v2\/media\/2168"}],"wp:attachment":[{"href":"https:\/\/joannajachowicz.com\/pl\/wp-json\/wp\/v2\/media?parent=540"}],"wp:term":[{"taxonomy":"product_brand","embeddable":true,"href":"https:\/\/joannajachowicz.com\/pl\/wp-json\/wp\/v2\/product_brand?post=540"},{"taxonomy":"product_cat","embeddable":true,"href":"https:\/\/joannajachowicz.com\/pl\/wp-json\/wp\/v2\/product_cat?post=540"},{"taxonomy":"product_tag","embeddable":true,"href":"https:\/\/joannajachowicz.com\/pl\/wp-json\/wp\/v2\/product_tag?post=540"}],"curies":[{"name":"wp","href":"https:\/\/api.w.org\/{rel}","templated":true}]}}