{"id":549,"date":"2015-04-21T18:28:46","date_gmt":"2015-04-21T16:28:46","guid":{"rendered":"http:\/\/joannajachowicz.com\/?post_type=product&#038;p=549"},"modified":"2025-10-08T17:55:49","modified_gmt":"2025-10-08T15:55:49","slug":"tunika-ease","status":"publish","type":"product","link":"https:\/\/joannajachowicz.com\/pl\/sklep\/tunika\/tunika-ease\/","title":{"rendered":"Tunika EASE"},"content":{"rendered":"<p>Bardzo modna tunika o kroju linii A &#8211; sprawdzi si\u0119 w stylizacjach na ka\u017cdy dzie\u0144. Wysokiej jako\u015bci dzianina jest materia\u0142em niezast\u0105pionym w garderobie ka\u017cdej kobiety. W po\u0142\u0105czeniu z grubymi rajstopami, wysokimi kozakami to doskona\u0142a propozycja na jesienny, ch\u0142odny dzie\u0144 do pracy czy na wyj\u015bcie ze znajomymi.<\/p>\n<p>&#8211; Dekolt V<\/p>\n<p>&#8211; r\u0119kawy 3\/4<\/p>\n<p>&#8211; kieszenie boczne<\/p>\n<p>&#8211; pranie w pralce w 30\u00b0 C<br \/>\n&#8211; poliester: 65%, elastan: 35%<\/p>\n","protected":false},"excerpt":{"rendered":"<p>Bardzo modna tunika o kroju linii A &#8211; sprawdzi si\u0119 w stylizacjach na ka\u017cdy dzie\u0144. Wysokiej jako\u015bci dzianina jest materia\u0142em niezast\u0105pionym w garderobie ka\u017cdej kobiety. W po\u0142\u0105czeniu z grubymi rajstopami,&#8230;<\/p>\n","protected":false},"featured_media":2178,"comment_status":"open","ping_status":"closed","template":"","meta":[],"product_brand":[],"product_cat":[25],"product_tag":[],"class_list":{"0":"post-549","1":"product","2":"type-product","3":"status-publish","4":"has-post-thumbnail","6":"product_cat-tunika","8":"first","9":"outofstock","10":"sale","11":"shipping-taxable","12":"purchasable","13":"product-type-variable"},"_links":{"self":[{"href":"https:\/\/joannajachowicz.com\/pl\/wp-json\/wp\/v2\/product\/549","targetHints":{"allow":["GET"]}}],"collection":[{"href":"https:\/\/joannajachowicz.com\/pl\/wp-json\/wp\/v2\/product"}],"about":[{"href":"https:\/\/joannajachowicz.com\/pl\/wp-json\/wp\/v2\/types\/product"}],"replies":[{"embeddable":true,"href":"https:\/\/joannajachowicz.com\/pl\/wp-json\/wp\/v2\/comments?post=549"}],"wp:featuredmedia":[{"embeddable":true,"href":"https:\/\/joannajachowicz.com\/pl\/wp-json\/wp\/v2\/media\/2178"}],"wp:attachment":[{"href":"https:\/\/joannajachowicz.com\/pl\/wp-json\/wp\/v2\/media?parent=549"}],"wp:term":[{"taxonomy":"product_brand","embeddable":true,"href":"https:\/\/joannajachowicz.com\/pl\/wp-json\/wp\/v2\/product_brand?post=549"},{"taxonomy":"product_cat","embeddable":true,"href":"https:\/\/joannajachowicz.com\/pl\/wp-json\/wp\/v2\/product_cat?post=549"},{"taxonomy":"product_tag","embeddable":true,"href":"https:\/\/joannajachowicz.com\/pl\/wp-json\/wp\/v2\/product_tag?post=549"}],"curies":[{"name":"wp","href":"https:\/\/api.w.org\/{rel}","templated":true}]}}