{"id":557,"date":"2015-04-21T18:39:53","date_gmt":"2015-04-21T16:39:53","guid":{"rendered":"http:\/\/joannajachowicz.com\/?post_type=product&#038;p=557"},"modified":"2025-10-08T17:55:49","modified_gmt":"2025-10-08T15:55:49","slug":"bluzka-luret","status":"publish","type":"product","link":"https:\/\/joannajachowicz.com\/pl\/sklep\/bluzka\/bluzka-luret\/","title":{"rendered":"Bluzka LURET"},"content":{"rendered":"<p>Bluzka typu oversize w kolorze czarnym jest wspania\u0142\u0105 baz\u0105 dla codziennych stylizacji. Wspaniale uzupe\u0142nia si\u0119 z eleganck\u0105 marynark\u0105 i prostymi spodniami, jak i z ciekaw\u0105 sp\u00f3dnic\u0105 i szpilkami w wariancie na wiecz\u00f3r. Okr\u0105g\u0142y dekolt, d\u0142ugie r\u0119kawy.<\/p>\n<p>&#8211; pranie w pralce w 30\u00b0 C<\/p>\n<p>&#8211; prasowanie w niskiej temperaturze<\/p>\n<p>&#8211;\u00a0Sk\u0142ad: bawe\u0142na: 80%, elastan: 20%<\/p>\n","protected":false},"excerpt":{"rendered":"<p>Bluzka typu oversize w kolorze czarnym jest wspania\u0142\u0105 baz\u0105 dla codziennych stylizacji. Wspaniale uzupe\u0142nia si\u0119 z eleganck\u0105 marynark\u0105 i prostymi spodniami, jak i z ciekaw\u0105 sp\u00f3dnic\u0105 i szpilkami w wariancie&#8230;<\/p>\n","protected":false},"featured_media":2172,"comment_status":"open","ping_status":"closed","template":"","meta":[],"product_brand":[],"product_cat":[26],"product_tag":[],"class_list":{"0":"post-557","1":"product","2":"type-product","3":"status-publish","4":"has-post-thumbnail","6":"product_cat-bluzka","8":"first","9":"outofstock","10":"sale","11":"shipping-taxable","12":"purchasable","13":"product-type-variable"},"_links":{"self":[{"href":"https:\/\/joannajachowicz.com\/pl\/wp-json\/wp\/v2\/product\/557","targetHints":{"allow":["GET"]}}],"collection":[{"href":"https:\/\/joannajachowicz.com\/pl\/wp-json\/wp\/v2\/product"}],"about":[{"href":"https:\/\/joannajachowicz.com\/pl\/wp-json\/wp\/v2\/types\/product"}],"replies":[{"embeddable":true,"href":"https:\/\/joannajachowicz.com\/pl\/wp-json\/wp\/v2\/comments?post=557"}],"wp:featuredmedia":[{"embeddable":true,"href":"https:\/\/joannajachowicz.com\/pl\/wp-json\/wp\/v2\/media\/2172"}],"wp:attachment":[{"href":"https:\/\/joannajachowicz.com\/pl\/wp-json\/wp\/v2\/media?parent=557"}],"wp:term":[{"taxonomy":"product_brand","embeddable":true,"href":"https:\/\/joannajachowicz.com\/pl\/wp-json\/wp\/v2\/product_brand?post=557"},{"taxonomy":"product_cat","embeddable":true,"href":"https:\/\/joannajachowicz.com\/pl\/wp-json\/wp\/v2\/product_cat?post=557"},{"taxonomy":"product_tag","embeddable":true,"href":"https:\/\/joannajachowicz.com\/pl\/wp-json\/wp\/v2\/product_tag?post=557"}],"curies":[{"name":"wp","href":"https:\/\/api.w.org\/{rel}","templated":true}]}}