{"id":561,"date":"2015-04-21T18:44:27","date_gmt":"2015-04-21T16:44:27","guid":{"rendered":"http:\/\/joannajachowicz.com\/?post_type=product&#038;p=561"},"modified":"2025-10-08T17:55:49","modified_gmt":"2025-10-08T15:55:49","slug":"plaszcz-caramelo","status":"publish","type":"product","link":"https:\/\/joannajachowicz.com\/pl\/sklep\/plaszcz\/plaszcz-caramelo\/","title":{"rendered":"P\u0142aszcz CARAMELO"},"content":{"rendered":"<p>We\u0142niany p\u0142aszcz jest niezmiernie wygodnym i eleganckim okryciem wierzchnim. Pi\u0119knie prezentuje si\u0119 nie tylko z d\u0142ugimi sukienkami. Delikatny r\u00f3\u017c jest bardzo kobiecy, a zarazem dziewcz\u0119cy i urokliwy. P\u0142aszcz dost\u0119pny tak\u017ce w kolorze zielonym.<\/p>\n<p>&#8211; Wygodne kieszenie<\/p>\n<p>&#8211; D\u0142ugie r\u0119kawy<\/p>\n<p>&#8211; Pranie chemiczne<\/p>\n<p>&#8211; we\u0142na: 100%<\/p>\n","protected":false},"excerpt":{"rendered":"<p>We\u0142niany p\u0142aszcz jest niezmiernie wygodnym i eleganckim okryciem wierzchnim. Pi\u0119knie prezentuje si\u0119 nie tylko z d\u0142ugimi sukienkami. Delikatny r\u00f3\u017c jest bardzo kobiecy, a zarazem dziewcz\u0119cy i urokliwy. P\u0142aszcz dost\u0119pny tak\u017ce&#8230;<\/p>\n","protected":false},"featured_media":2174,"comment_status":"open","ping_status":"closed","template":"","meta":[],"product_brand":[],"product_cat":[21],"product_tag":[],"class_list":{"0":"post-561","1":"product","2":"type-product","3":"status-publish","4":"has-post-thumbnail","6":"product_cat-plaszcz","8":"first","9":"outofstock","10":"sale","11":"shipping-taxable","12":"purchasable","13":"product-type-variable"},"_links":{"self":[{"href":"https:\/\/joannajachowicz.com\/pl\/wp-json\/wp\/v2\/product\/561","targetHints":{"allow":["GET"]}}],"collection":[{"href":"https:\/\/joannajachowicz.com\/pl\/wp-json\/wp\/v2\/product"}],"about":[{"href":"https:\/\/joannajachowicz.com\/pl\/wp-json\/wp\/v2\/types\/product"}],"replies":[{"embeddable":true,"href":"https:\/\/joannajachowicz.com\/pl\/wp-json\/wp\/v2\/comments?post=561"}],"wp:featuredmedia":[{"embeddable":true,"href":"https:\/\/joannajachowicz.com\/pl\/wp-json\/wp\/v2\/media\/2174"}],"wp:attachment":[{"href":"https:\/\/joannajachowicz.com\/pl\/wp-json\/wp\/v2\/media?parent=561"}],"wp:term":[{"taxonomy":"product_brand","embeddable":true,"href":"https:\/\/joannajachowicz.com\/pl\/wp-json\/wp\/v2\/product_brand?post=561"},{"taxonomy":"product_cat","embeddable":true,"href":"https:\/\/joannajachowicz.com\/pl\/wp-json\/wp\/v2\/product_cat?post=561"},{"taxonomy":"product_tag","embeddable":true,"href":"https:\/\/joannajachowicz.com\/pl\/wp-json\/wp\/v2\/product_tag?post=561"}],"curies":[{"name":"wp","href":"https:\/\/api.w.org\/{rel}","templated":true}]}}