{"id":568,"date":"2015-04-21T18:55:39","date_gmt":"2015-04-21T16:55:39","guid":{"rendered":"http:\/\/joannajachowicz.com\/?post_type=product&#038;p=568"},"modified":"2025-10-08T17:55:48","modified_gmt":"2025-10-08T15:55:48","slug":"sukienka-lelli","status":"publish","type":"product","link":"https:\/\/joannajachowicz.com\/pl\/sklep\/sukienka\/sukienka-lelli\/","title":{"rendered":"Sukienka LELLI"},"content":{"rendered":"<p>Dopasowana sukienka z dw\u00f3ch odcieni szarej we\u0142ny. Klasyczny fason doskonale ubiera sylwetk\u0119, a dekolt V optycznie j\u0105 wysmukla. Doskona\u0142a propozycja na wiele okazji. Sprawdzi si\u0119 zar\u00f3wno w pracy, jak i podczas spotkania z przyjaci\u00f3\u0142mi.<\/p>\n<p>&#8211; dekolt w kszta\u0142cie litery V<\/p>\n<p>&#8211; d\u0142ugo\u015b\u0107 za kolano<\/p>\n<p>&#8211; zapi\u0119cie: suwak<\/p>\n<p>&#8211; pranie chemiczne<\/p>\n<p>&#8211; prasowanie w niskiej temperaturze<\/p>\n<p>&#8211; podszewka 100% wiskoza<\/p>\n<p>&#8211; Sk\u0142ad: we\u0142na: 100%<\/p>\n","protected":false},"excerpt":{"rendered":"<p>Dopasowana sukienka z dw\u00f3ch odcieni szarej we\u0142ny. Klasyczny fason doskonale ubiera sylwetk\u0119, a dekolt V optycznie j\u0105 wysmukla. Doskona\u0142a propozycja na wiele okazji. Sprawdzi si\u0119 zar\u00f3wno w pracy, jak i&#8230;<\/p>\n","protected":false},"featured_media":2170,"comment_status":"open","ping_status":"closed","template":"","meta":[],"product_brand":[],"product_cat":[19],"product_tag":[],"class_list":{"0":"post-568","1":"product","2":"type-product","3":"status-publish","4":"has-post-thumbnail","6":"product_cat-sukienka","8":"first","9":"outofstock","10":"sale","11":"shipping-taxable","12":"purchasable","13":"product-type-variable"},"_links":{"self":[{"href":"https:\/\/joannajachowicz.com\/pl\/wp-json\/wp\/v2\/product\/568","targetHints":{"allow":["GET"]}}],"collection":[{"href":"https:\/\/joannajachowicz.com\/pl\/wp-json\/wp\/v2\/product"}],"about":[{"href":"https:\/\/joannajachowicz.com\/pl\/wp-json\/wp\/v2\/types\/product"}],"replies":[{"embeddable":true,"href":"https:\/\/joannajachowicz.com\/pl\/wp-json\/wp\/v2\/comments?post=568"}],"wp:featuredmedia":[{"embeddable":true,"href":"https:\/\/joannajachowicz.com\/pl\/wp-json\/wp\/v2\/media\/2170"}],"wp:attachment":[{"href":"https:\/\/joannajachowicz.com\/pl\/wp-json\/wp\/v2\/media?parent=568"}],"wp:term":[{"taxonomy":"product_brand","embeddable":true,"href":"https:\/\/joannajachowicz.com\/pl\/wp-json\/wp\/v2\/product_brand?post=568"},{"taxonomy":"product_cat","embeddable":true,"href":"https:\/\/joannajachowicz.com\/pl\/wp-json\/wp\/v2\/product_cat?post=568"},{"taxonomy":"product_tag","embeddable":true,"href":"https:\/\/joannajachowicz.com\/pl\/wp-json\/wp\/v2\/product_tag?post=568"}],"curies":[{"name":"wp","href":"https:\/\/api.w.org\/{rel}","templated":true}]}}