{"id":579,"date":"2015-04-21T19:31:55","date_gmt":"2015-04-21T17:31:55","guid":{"rendered":"http:\/\/joannajachowicz.com\/?post_type=product&#038;p=579"},"modified":"2025-10-08T17:55:48","modified_gmt":"2025-10-08T15:55:48","slug":"spodnica-esso","status":"publish","type":"product","link":"https:\/\/joannajachowicz.com\/pl\/sklep\/spodnica\/spodnica-esso\/","title":{"rendered":"Sp\u00f3dnica ESSO"},"content":{"rendered":"<p>Sp\u00f3dnica o prostym kroju jest idealnym elementem garderoby na t\u0105 jesie\u0144. Idealna do biura albo na rodzinne uroczysto\u015bci. Oryginalnego charakteru dodaje po\u0142\u0105czenie dw\u00f3ch odcieni szarej we\u0142ny.<\/p>\n<p>&#8211; d\u0142ugo\u015b\u0107 do kolan<\/p>\n<p>&#8211; prosty kr\u00f3j<\/p>\n<p>&#8211; zapi\u0119cie: suwak<\/p>\n<p>&#8211; pranie chemiczne<\/p>\n<p>&#8211; Sk\u0142ad: we\u0142na: 100%<\/p>\n","protected":false},"excerpt":{"rendered":"<p>Sp\u00f3dnica o prostym kroju jest idealnym elementem garderoby na t\u0105 jesie\u0144. Idealna do biura albo na rodzinne uroczysto\u015bci. Oryginalnego charakteru dodaje po\u0142\u0105czenie dw\u00f3ch odcieni szarej we\u0142ny. &#8211; d\u0142ugo\u015b\u0107 do kolan&#8230;<\/p>\n","protected":false},"featured_media":2176,"comment_status":"open","ping_status":"closed","template":"","meta":[],"product_brand":[],"product_cat":[22],"product_tag":[],"class_list":{"0":"post-579","1":"product","2":"type-product","3":"status-publish","4":"has-post-thumbnail","6":"product_cat-spodnica","8":"first","9":"outofstock","10":"sale","11":"shipping-taxable","12":"purchasable","13":"product-type-variable"},"_links":{"self":[{"href":"https:\/\/joannajachowicz.com\/pl\/wp-json\/wp\/v2\/product\/579","targetHints":{"allow":["GET"]}}],"collection":[{"href":"https:\/\/joannajachowicz.com\/pl\/wp-json\/wp\/v2\/product"}],"about":[{"href":"https:\/\/joannajachowicz.com\/pl\/wp-json\/wp\/v2\/types\/product"}],"replies":[{"embeddable":true,"href":"https:\/\/joannajachowicz.com\/pl\/wp-json\/wp\/v2\/comments?post=579"}],"wp:featuredmedia":[{"embeddable":true,"href":"https:\/\/joannajachowicz.com\/pl\/wp-json\/wp\/v2\/media\/2176"}],"wp:attachment":[{"href":"https:\/\/joannajachowicz.com\/pl\/wp-json\/wp\/v2\/media?parent=579"}],"wp:term":[{"taxonomy":"product_brand","embeddable":true,"href":"https:\/\/joannajachowicz.com\/pl\/wp-json\/wp\/v2\/product_brand?post=579"},{"taxonomy":"product_cat","embeddable":true,"href":"https:\/\/joannajachowicz.com\/pl\/wp-json\/wp\/v2\/product_cat?post=579"},{"taxonomy":"product_tag","embeddable":true,"href":"https:\/\/joannajachowicz.com\/pl\/wp-json\/wp\/v2\/product_tag?post=579"}],"curies":[{"name":"wp","href":"https:\/\/api.w.org\/{rel}","templated":true}]}}