{"id":589,"date":"2015-04-21T19:40:11","date_gmt":"2015-04-21T17:40:11","guid":{"rendered":"http:\/\/joannajachowicz.com\/?post_type=product&#038;p=589"},"modified":"2025-10-08T17:55:48","modified_gmt":"2025-10-08T15:55:48","slug":"plaszcz-lout","status":"publish","type":"product","link":"https:\/\/joannajachowicz.com\/pl\/sklep\/bluza\/plaszcz-lout\/","title":{"rendered":"P\u0142aszcz LOUT"},"content":{"rendered":"<p>D\u0142ugi p\u0142aszcz swetrowy z wysokogatunkowej we\u0142ny. Po\u0142\u0105czenie wysokiej jako\u015bci we\u0142ny z we\u0142nian\u0105 dzianin\u0105. Praktyczny na co dzie\u0144, ale sprawdzi si\u0119 r\u00f3wnie\u017c na specjalne okazje. Idealny na jesienne i zimowe dni. Mo\u017cna go nosi\u0107 jako okrycie wierzchnie lub jako sweter pod lekk\u0105 kurtk\u0119. 100% we\u0142na, d\u0142ugie r\u0119kawy, pranie chemiczne<\/p>\n<p>-Wzrost modelki: 175 cm<\/p>\n<p>-we\u0142na: 100%<\/p>\n","protected":false},"excerpt":{"rendered":"<p>D\u0142ugi p\u0142aszcz swetrowy z wysokogatunkowej we\u0142ny. Po\u0142\u0105czenie wysokiej jako\u015bci we\u0142ny z we\u0142nian\u0105 dzianin\u0105. Praktyczny na co dzie\u0144, ale sprawdzi si\u0119 r\u00f3wnie\u017c na specjalne okazje. Idealny na jesienne i zimowe dni&#8230;.<\/p>\n","protected":false},"featured_media":2166,"comment_status":"open","ping_status":"closed","template":"","meta":[],"product_brand":[],"product_cat":[91,93,21],"product_tag":[],"class_list":{"0":"post-589","1":"product","2":"type-product","3":"status-publish","4":"has-post-thumbnail","6":"product_cat-bluza","7":"product_cat-kurtka","8":"product_cat-plaszcz","10":"first","11":"outofstock","12":"sale","13":"shipping-taxable","14":"purchasable","15":"product-type-variable"},"_links":{"self":[{"href":"https:\/\/joannajachowicz.com\/pl\/wp-json\/wp\/v2\/product\/589","targetHints":{"allow":["GET"]}}],"collection":[{"href":"https:\/\/joannajachowicz.com\/pl\/wp-json\/wp\/v2\/product"}],"about":[{"href":"https:\/\/joannajachowicz.com\/pl\/wp-json\/wp\/v2\/types\/product"}],"replies":[{"embeddable":true,"href":"https:\/\/joannajachowicz.com\/pl\/wp-json\/wp\/v2\/comments?post=589"}],"wp:featuredmedia":[{"embeddable":true,"href":"https:\/\/joannajachowicz.com\/pl\/wp-json\/wp\/v2\/media\/2166"}],"wp:attachment":[{"href":"https:\/\/joannajachowicz.com\/pl\/wp-json\/wp\/v2\/media?parent=589"}],"wp:term":[{"taxonomy":"product_brand","embeddable":true,"href":"https:\/\/joannajachowicz.com\/pl\/wp-json\/wp\/v2\/product_brand?post=589"},{"taxonomy":"product_cat","embeddable":true,"href":"https:\/\/joannajachowicz.com\/pl\/wp-json\/wp\/v2\/product_cat?post=589"},{"taxonomy":"product_tag","embeddable":true,"href":"https:\/\/joannajachowicz.com\/pl\/wp-json\/wp\/v2\/product_tag?post=589"}],"curies":[{"name":"wp","href":"https:\/\/api.w.org\/{rel}","templated":true}]}}