{"id":593,"date":"2015-04-21T19:50:48","date_gmt":"2015-04-21T17:50:48","guid":{"rendered":"http:\/\/joannajachowicz.com\/?post_type=product&#038;p=593"},"modified":"2025-10-08T17:55:47","modified_gmt":"2025-10-08T15:55:47","slug":"plaszcz-wess","status":"publish","type":"product","link":"https:\/\/joannajachowicz.com\/pl\/sklep\/bluza\/plaszcz-wess\/","title":{"rendered":"P\u0142aszcz WESS"},"content":{"rendered":"<ul>\n<li>D\u0142ugi p\u0142aszcz swetrowy z wysokogatunkowej we\u0142ny. Praktyczny na co dzie\u0144, ale r\u00f3wnie\u017c sprawdzi si\u0119 wspaniale na specjalne okazje. Idealny na jesienne i zimowe dni. 100% we\u0142na, r\u0119kawy 7\/8, pranie chemiczne<\/li>\n<li>Wzrost modelki: 175 cm<\/li>\n<li>Sk\u0142ad: we\u0142na: 100%<\/li>\n<\/ul>\n","protected":false},"excerpt":{"rendered":"<p>D\u0142ugi p\u0142aszcz swetrowy z wysokogatunkowej we\u0142ny. Praktyczny na co dzie\u0144, ale r\u00f3wnie\u017c sprawdzi si\u0119 wspaniale na specjalne okazje. Idealny na jesienne i zimowe dni. 100% we\u0142na, r\u0119kawy 7\/8, pranie chemiczne&#8230;<\/p>\n","protected":false},"featured_media":2164,"comment_status":"open","ping_status":"closed","template":"","meta":[],"product_brand":[],"product_cat":[91,21],"product_tag":[],"class_list":{"0":"post-593","1":"product","2":"type-product","3":"status-publish","4":"has-post-thumbnail","6":"product_cat-bluza","7":"product_cat-plaszcz","9":"first","10":"outofstock","11":"sale","12":"shipping-taxable","13":"purchasable","14":"product-type-variable"},"_links":{"self":[{"href":"https:\/\/joannajachowicz.com\/pl\/wp-json\/wp\/v2\/product\/593","targetHints":{"allow":["GET"]}}],"collection":[{"href":"https:\/\/joannajachowicz.com\/pl\/wp-json\/wp\/v2\/product"}],"about":[{"href":"https:\/\/joannajachowicz.com\/pl\/wp-json\/wp\/v2\/types\/product"}],"replies":[{"embeddable":true,"href":"https:\/\/joannajachowicz.com\/pl\/wp-json\/wp\/v2\/comments?post=593"}],"wp:featuredmedia":[{"embeddable":true,"href":"https:\/\/joannajachowicz.com\/pl\/wp-json\/wp\/v2\/media\/2164"}],"wp:attachment":[{"href":"https:\/\/joannajachowicz.com\/pl\/wp-json\/wp\/v2\/media?parent=593"}],"wp:term":[{"taxonomy":"product_brand","embeddable":true,"href":"https:\/\/joannajachowicz.com\/pl\/wp-json\/wp\/v2\/product_brand?post=593"},{"taxonomy":"product_cat","embeddable":true,"href":"https:\/\/joannajachowicz.com\/pl\/wp-json\/wp\/v2\/product_cat?post=593"},{"taxonomy":"product_tag","embeddable":true,"href":"https:\/\/joannajachowicz.com\/pl\/wp-json\/wp\/v2\/product_tag?post=593"}],"curies":[{"name":"wp","href":"https:\/\/api.w.org\/{rel}","templated":true}]}}